{"id":661,"date":"2022-07-15T14:30:30","date_gmt":"2022-07-15T12:30:30","guid":{"rendered":"https:\/\/piramowicz.pl\/?page_id=661"},"modified":"2022-07-17T13:15:11","modified_gmt":"2022-07-17T11:15:11","slug":"patron","status":"publish","type":"page","link":"https:\/\/piramowicz.pl\/index.php\/patron\/","title":{"rendered":"Patron"},"content":{"rendered":"\t\t<div data-elementor-type=\"wp-page\" data-elementor-id=\"661\" class=\"elementor elementor-661\">\n\t\t\t\t\t\t<section class=\"elementor-section elementor-top-section elementor-element elementor-element-0043c08 elementor-section-boxed elementor-section-height-default elementor-section-height-default\" data-id=\"0043c08\" data-element_type=\"section\" data-e-type=\"section\" data-settings=\"{&quot;background_background&quot;:&quot;classic&quot;}\">\n\t\t\t\t\t\t<div class=\"elementor-container elementor-column-gap-default\">\n\t\t\t\t\t<div class=\"elementor-column elementor-col-100 elementor-top-column elementor-element elementor-element-cb1daaa\" data-id=\"cb1daaa\" data-element_type=\"column\" data-e-type=\"column\">\n\t\t\t<div class=\"elementor-widget-wrap elementor-element-populated\">\n\t\t\t\t\t\t<div class=\"elementor-element elementor-element-322c518 elementor-widget elementor-widget-heading\" data-id=\"322c518\" data-element_type=\"widget\" data-e-type=\"widget\" data-widget_type=\"heading.default\">\n\t\t\t\t<div class=\"elementor-widget-container\">\n\t\t\t\t\t<h1 class=\"elementor-heading-title elementor-size-default\">Patron<\/h1>\t\t\t\t<\/div>\n\t\t\t\t<\/div>\n\t\t\t\t\t<\/div>\n\t\t<\/div>\n\t\t\t\t\t<\/div>\n\t\t<\/section>\n\t\t\t\t<section class=\"elementor-section elementor-top-section elementor-element elementor-element-275c546 elementor-section-boxed elementor-section-height-default elementor-section-height-default\" data-id=\"275c546\" data-element_type=\"section\" data-e-type=\"section\" data-settings=\"{&quot;background_background&quot;:&quot;classic&quot;}\">\n\t\t\t\t\t\t<div class=\"elementor-container elementor-column-gap-default\">\n\t\t\t\t\t<div class=\"elementor-column elementor-col-100 elementor-top-column elementor-element elementor-element-7091f43\" data-id=\"7091f43\" data-element_type=\"column\" data-e-type=\"column\">\n\t\t\t<div class=\"elementor-widget-wrap elementor-element-populated\">\n\t\t\t\t\t\t<div class=\"elementor-element elementor-element-c4305a9 elementor-widget elementor-widget-text-editor\" data-id=\"c4305a9\" data-element_type=\"widget\" data-e-type=\"widget\" data-widget_type=\"text-editor.default\">\n\t\t\t\t<div class=\"elementor-widget-container\">\n\t\t\t\t\t\t\t\t\t<p>Dokonuj\u0105ce si\u0119 w Polsce nieustanne reformy szkolnictwa kieruj\u0105 nasz\u0105 my\u015bl ku najwybitniejszym polskim pedagogom i dzia\u0142aczom w dziedzinie o\u015bwiaty, kt\u00f3rych tw\u00f3rczy dorobek sta\u0142 si\u0119 trwa\u0142\u0105 warto\u015bci\u0105 narodowej kultury. Jednym z nich by\u0142 Grzegorz Piramowicz (1735-1801), posta\u0107 nierozdzielnie zwi\u0105zana z dzia\u0142alno\u015bci\u0105 Komisji Edukacji Narodowej.<\/p>\t\t\t\t\t\t\t\t<\/div>\n\t\t\t\t<\/div>\n\t\t\t\t<div class=\"elementor-element elementor-element-03a7067 elementor-widget elementor-widget-text-editor\" data-id=\"03a7067\" data-element_type=\"widget\" data-e-type=\"widget\" data-widget_type=\"text-editor.default\">\n\t\t\t\t<div class=\"elementor-widget-container\">\n\t\t\t\t\t\t\t\t\tZanim zosta\u0142 cz\u0142onkiem tej\u017ce Komisji, mia\u0142 ju\u017c bogate do\u015bwiadczenie pedagogiczne zdobyte dzi\u0119ki pracy nauczycielskiej w kolegiach jezuickich, funkcji nauczyciela prywatnego syn\u00f3w o\u015bwieconego magnata Ignacego Potockiego oraz dzi\u0119ki znajomo\u015bci nowoczesnych pr\u0105d\u00f3w i d\u0105\u017ce\u0144 O\u015bwiecenia zachodniego, uzyskanej w czasie wyjazd\u00f3w za granic\u0119. Ale mo\u017cliwo\u015bci podj\u0119cia szerokiej i donios\u0142ej dzia\u0142alno\u015bci pedagogicznej da\u0142a mu dopiero Komisja Edukacji Narodowej, do kt\u00f3rej zosta\u0142 w\u0142\u0105czony dzi\u0119ki wspomnianemu Ignacemu Potockiemu. Pod wp\u0142ywem o\u015bwieconych i wolnomy\u015bl\u0105cych pogl\u0105d\u00f3w tego dzia\u0142acza KEN Piramowicz otrz\u0105sn\u0105\u0142 si\u0119 z tradycji jezuickich i sta\u0142 si\u0119 w&nbsp;Komisji rzecznikiem nowych pr\u0105d\u00f3w pedagogicznych, poci\u0105gaj\u0105c swym przyk\u0142adem wielu eksjezuit\u00f3w do gorliwej pracy nad reform\u0105 szkolnictwa polskiego. Faktycznie bra\u0142 udzia\u0142 w pracach Komisji od pierwszego momentu jej istnienia do roku 1794.\t\t\t\t\t\t\t\t<\/div>\n\t\t\t\t<\/div>\n\t\t\t\t<div class=\"elementor-element elementor-element-36bd38f elementor-widget elementor-widget-text-editor\" data-id=\"36bd38f\" data-element_type=\"widget\" data-e-type=\"widget\" data-widget_type=\"text-editor.default\">\n\t\t\t\t<div class=\"elementor-widget-container\">\n\t\t\t\t\t\t\t\t\tOd pocz\u0105tku 1774 r. Grzegorz Piramowicz by\u0142 w Komisji sekretarzem do &#8222;ekspedycji cudzoziemskich&#8221;, a w rok p\u00f3\u017aniej zosta\u0142 mianowany sekretarzem w nowo utworzonym Towarzystwie do Ksi\u0105g Elementarnych. Pe\u0142ni\u0105c t\u0119 funkcj\u0119, prowadzi\u0142 prac\u0119 zwi\u0105zan\u0105 z opracowywaniem program\u00f3w, podr\u0119cznik\u00f3w i organizacj\u0105 szk\u00f3\u0142 &#8211; szerok\u0105 korespondencj\u0119 si\u0119gaj\u0105c\u0105 poza granice Polski. Informowa\u0142 inne kraje o programie, pracach i podr\u0119cznikach Komisji oraz zasi\u0119ga\u0142 opinii przedstawicieli \u015bwiata naukowego we Francji i Niemczech o poczynaniach reformatorskich KEN. Ta praca sekretarza Towarzystwa stawa\u0142a si\u0119 w rezultacieswego rodzaju kontrol\u0119 s\u0142uszno\u015bci podejmowanych przez Komisj\u0119 krok\u00f3w i otwiera\u0142a perspektywy pozyskania szerokiego kr\u0119gu wsp\u00f3\u0142pracownik\u00f3w, a zarazem jest dowodem nowoczesnej postawy dzia\u0142acza o\u015bwiatowego. Piramowicz czuwa\u0142 nad ca\u0142okszta\u0142tem prac Towarzystwa do Ksi\u0105g Elementarnych i by\u0142 niejako \u0142\u0105cznikiem mi\u0119dzy naczelnym organem szkolnictwa , jakim by\u0142a KEN, a jej wydzia\u0142em pedagogiczno-organizacyjnym, czym w istocie rzeczy by\u0142o Towarzystwo. Redagowa\u0142 wszystkie pisma Komisji i&nbsp;Towarzystwa, kt\u00f3re stanowi\u0142y rezultat wsp\u00f3lnej, zespo\u0142owej pracy grona \u015bwiat\u0142ych pedagog\u00f3w, a przede wszystkim fundamentalne &#8222;Ustawy&#8221;.\t\t\t\t\t\t\t\t<\/div>\n\t\t\t\t<\/div>\n\t\t\t\t<div class=\"elementor-element elementor-element-55f9d5f elementor-widget elementor-widget-text-editor\" data-id=\"55f9d5f\" data-element_type=\"widget\" data-e-type=\"widget\" data-widget_type=\"text-editor.default\">\n\t\t\t\t<div class=\"elementor-widget-container\">\n\t\t\t\t\t\t\t\t\tJako wizytator szk\u00f3\u0142, Piramowicz okazywa\u0142 niezwykle \u017cywe zainteresowanie prac\u0105 szkoln\u0105 i bardzo wnikliwie ocenia\u0142 wysi\u0142ek wk\u0142adany przez nauczycieli. Dzi\u0119ki obserwacjom poczynionym w czasie wizytacji, Piramowicz jak ma\u0142o kt\u00f3ry ze wsp\u00f3\u0142czesnych mu dzia\u0142aczy umia\u0142 uwzgl\u0119dni\u0107 w swych pismach realne warunki pracy szk\u00f3\u0142 i potrzeby ca\u0142ego narodu. Jako wsp\u00f3\u0142autor &#8222;Elementarza dla szk\u00f3\u0142 parafialnych&#8221;, opracowa\u0142 cz\u0119\u015b\u0107 m\u00f3wi\u0105c\u0105 o nauce moralnej, w kt\u00f3rej stara\u0142 si\u0119 trafi\u0107 nie tylko do umys\u0142\u00f3w dzieci ch\u0142opskich i mieszcza\u0144skich, ale tak\u017ce i do serc dzieci\u0119cych. W&nbsp;podr\u0119czniku &#8222;Wymowa i poezja dla szk\u00f3\u0142 narodowych&#8221;, omawiaj\u0105c zagadnienia teoretyczne, przy ka\u017cdym z nich wskazywa\u0142, jak\u0105 postaw\u0119 winien zachowa\u0107 dobry obywatel i sprawiedliwy cz\u0142owiek, uczy\u0142, na czym polega prawdziwe bohaterstwo, po\u015bwi\u0119cenie i da\u0142 si\u0119 pozna\u0107 nie tylko jako \u015bwietny znawca przedmiotu, ale tak\u017ce doskona\u0142y pedagog-wychowawca, g\u0142\u0119boko przej\u0119ty zadaniami reformy, kt\u00f3rej s\u0142u\u017cy\u0142 ze wszystkich swoich si\u0142.\t\t\t\t\t\t\t\t<\/div>\n\t\t\t\t<\/div>\n\t\t\t\t<div class=\"elementor-element elementor-element-af6993d elementor-widget elementor-widget-text-editor\" data-id=\"af6993d\" data-element_type=\"widget\" data-e-type=\"widget\" data-widget_type=\"text-editor.default\">\n\t\t\t\t<div class=\"elementor-widget-container\">\n\t\t\t\t\t\t\t\t\t<p>Ale najtrwalszym pomnikiem pracy Grzegorza Piramowicza jest dzie\u0142o &#8222;Powinno\u015bci nauczyciela&#8221;, kt\u00f3re sta\u0142o si\u0119 punktem zwrotnym w dziejach polskiej my\u015bli pedagogicznej. Przede wszystkim Piramowicz przedstawi\u0142 w zupe\u0142nie nowym \u015bwietle posta\u0107 nauczyciela, podkre\u015blaj\u0105c decyduj\u0105c\u0105 jego rol\u0119 w wychowaniu i nauczaniu, a jednocze\u015bnie wznosz\u0105c ten zaw\u00f3d na wysoki piedesta\u0142. Ale by\u0107 nauczycielem, to &#8211; wed\u0142ug Piramowicza &#8211; nie tylko &#8222;\u015bwi\u0119ty urz\u0105d&#8221;, lecz i &#8222;wielki obowi\u0105zek&#8221;.<\/p>\t\t\t\t\t\t\t\t<\/div>\n\t\t\t\t<\/div>\n\t\t\t\t<div class=\"elementor-element elementor-element-40f2b3f elementor-widget elementor-widget-text-editor\" data-id=\"40f2b3f\" data-element_type=\"widget\" data-e-type=\"widget\" data-widget_type=\"text-editor.default\">\n\t\t\t\t<div class=\"elementor-widget-container\">\n\t\t\t\t\t\t\t\t\tDlatego autor &#8222;Powinno\u015bci&#8221; postawi\u0142 przed nauczycielem powa\u017cne wymagania, a przede wszystkim staranne przygotowanie do zawodu, tak rzeczowe jak i metodyczne. Nauczyciel powinien ci\u0105gle pracowa\u0107 nad sob\u0105 i&nbsp;udoskonala\u0107 metody edukacji, za\u015b w podawaniu materia\u0142u by\u0107 bezwzgl\u0119dnie uczciwym wobec wychowank\u00f3w. Umiej\u0119tno\u015b\u0107 wykonywania zawodu winna by\u0107 wsparta &#8222;wol\u0105, sercem i obyczajami&#8221;. Aby umie\u0107 zdobywa\u0107 mi\u0142o\u015b\u0107 i&nbsp;ufno\u015b\u0107 dzieci przy r\u00f3wnoczesnym zachowaniu powagi, nale\u017cy podstawowym \u015brodkiem pedagogicznym uczyni\u0107 przekonywanie, \u0142agodno\u015b\u0107, nagrod\u0119, a nie kar\u0119.Piramowicz zaleca\u0142 wsp\u00f3\u0142prac\u0119 nauczyciela z domem rodzicielskim. Uwa\u017ca\u0142 r\u00f3wnie\u017c, \u017ce praca pedagoga nie ko\u0144czy si\u0119 na trosce o wychowanie dzieci. Nauczyciel powinien by\u0107 tak\u017ce spo\u0142ecznikiem i obro\u0144ca ludu (&#8222;Powinno\u015bci nauczyciela&#8221; mia\u0142y spe\u0142nia\u0107 rol\u0119 podr\u0119cznika dla nauczycieli szk\u00f3\u0142 parafialnych). Piramowicz podkre\u015bla\u0142, \u017ce z edukacj\u0105 umys\u0142ow\u0105 trzeba \u0142\u0105czy\u0107 wychowanie fizyczne, z drugiej za\u015b strony wychowanie moralne, kt\u00f3remu nada\u0142 sens \u015bwiecki, stawiaj\u0105c za cel ukszta\u0142towanie &#8222;ludzi poczciwych, kochaj\u0105cych i&nbsp;wykonywaj\u0105cych cnot\u0119, zado\u015b\u0107 czyni\u0105cym swoim powinno\u015bciom&#8221;. Jako naczeln\u0105 metod\u0119 pedagogiczn\u0105 propagowa\u0142 Piramowicz metod\u0119 pogl\u0105dow\u0105, k\u0142ad\u0105c r\u00f3wnie\u017c nacisk na praktyk\u0119 jako nast\u0119pny etap procesu nauczania.\t\t\t\t\t\t\t\t<\/div>\n\t\t\t\t<\/div>\n\t\t\t\t<div class=\"elementor-element elementor-element-80f0607 elementor-widget elementor-widget-text-editor\" data-id=\"80f0607\" data-element_type=\"widget\" data-e-type=\"widget\" data-widget_type=\"text-editor.default\">\n\t\t\t\t<div class=\"elementor-widget-container\">\n\t\t\t\t\t\t\t\t\t<p>&#8222;Powinno\u015bci nauczyciela&#8221; g\u0142osi\u0142y tak\u017ce, \u017ce nauczaniem maj\u0105 by\u0107 obj\u0119te, obok ch\u0142opc\u00f3w dziewcz\u0119ta. Dzia\u0142alno\u015b\u0107 Grzegorza Piramowicza w KEN i jego pogl\u0105dy zawarte w pismach pedagogicznych zadziwiaj\u0105 rozleg\u0142o\u015bci\u0105 horyzont\u00f3w my\u015blowych, trze\u017awo\u015bci\u0105 zapatrywa\u0144, krytycyzmem i nowoczesno\u015bci\u0105. Budz\u0105 szacunek g\u0142\u0119bokim patriotyzmem i humanitarn\u0105 postaw\u0105, Jego my\u015bl jest i b\u0119dzie nadal trwa\u0142\u0105 pozycj\u0105 w post\u0119powych tradycjach polskiego szkolnictwa.<\/p>\t\t\t\t\t\t\t\t<\/div>\n\t\t\t\t<\/div>\n\t\t\t\t<div class=\"elementor-element elementor-element-3969806 elementor-widget elementor-widget-text-editor\" data-id=\"3969806\" data-element_type=\"widget\" data-e-type=\"widget\" data-widget_type=\"text-editor.default\">\n\t\t\t\t<div class=\"elementor-widget-container\">\n\t\t\t\t\t\t\t\t\t<p>Grzegorz Piramowicz zas\u0142u\u017cy\u0142 na to, by jego posta\u0107 uczyni\u0107 blisk\u0105 nauczycielowi polskiemu, kt\u00f3rego pi\u0119kn\u0105 sylwetk\u0119 ukszta\u0142towa\u0142 swym szlachetnym sercem i umys\u0142em, i aby r\u00f3wnie blisk\u0105 sta\u0142a si\u0119 ona dla polskiej m\u0142odzie\u017cy, kt\u00f3r\u0105 sam g\u0142\u0119boko umi\u0142owa\u0142 i o kt\u00f3rej umi\u0142owanie oraz wszechstronny rozw\u00f3j apelowa\u0142 do wychowawc\u00f3w m\u0142odego pokolenia.<\/p>\t\t\t\t\t\t\t\t<\/div>\n\t\t\t\t<\/div>\n\t\t\t\t<div class=\"elementor-element elementor-element-76f292a elementor-widget elementor-widget-text-editor\" data-id=\"76f292a\" data-element_type=\"widget\" data-e-type=\"widget\" data-widget_type=\"text-editor.default\">\n\t\t\t\t<div class=\"elementor-widget-container\">\n\t\t\t\t\t\t\t\t\t<p>Nadanie imienia Grzegorza Piramowicza I Liceum Og\u00f3lnokszta\u0142c\u0105cemu w Augustowie ma szczeg\u00f3lne znaczenie dla naszej szko\u0142y i jest pi\u0119knym nawi\u0105zaniem do tradycji, bowiem jego w\u0142a\u015bnie imi\u0119 w latach mi\u0119dzywojennych nosi\u0142o Seminarium nauczycielskie, a nast\u0119pnie P\u0144stwowe Gimnazjum i Liceum &#8211; szko\u0142y, kt\u00f3re mie\u015bci\u0142y si\u0119 w\u00f3wczas w budynku obecnego II L.O. Na tablicy pami\u0105tkowej, wmurowanej w czerwcu 1972r., zosta\u0142 uwidoczniony m.in. fakt, i\u017c Grzegorz Piramowicz patronowa\u0142 przed laty profesorom i wychowankom pracuj\u0105cym i kszta\u0142c\u0105cym si\u0119 w tym gmachu.<\/p>\t\t\t\t\t\t\t\t<\/div>\n\t\t\t\t<\/div>\n\t\t\t\t<div class=\"elementor-element elementor-element-fd9400e elementor-widget elementor-widget-text-editor\" data-id=\"fd9400e\" data-element_type=\"widget\" data-e-type=\"widget\" data-widget_type=\"text-editor.default\">\n\t\t\t\t<div class=\"elementor-widget-container\">\n\t\t\t\t\t\t\t\t\t<p>Opracowa\u0142: Tomasz Bendig<\/p>\t\t\t\t\t\t\t\t<\/div>\n\t\t\t\t<\/div>\n\t\t\t\t\t<\/div>\n\t\t<\/div>\n\t\t\t\t\t<\/div>\n\t\t<\/section>\n\t\t\t\t<\/div>\n\t\t","protected":false},"excerpt":{"rendered":"<p>Patron Dokonuj\u0105ce si\u0119 w Polsce nieustanne reformy szkolnictwa kieruj\u0105 nasz\u0105 my\u015bl ku najwybitniejszym polskim pedagogom i dzia\u0142aczom w dziedzinie o\u015bwiaty, kt\u00f3rych tw\u00f3rczy dorobek sta\u0142 si\u0119 trwa\u0142\u0105 warto\u015bci\u0105 narodowej kultury. Jednym z nich by\u0142 Grzegorz Piramowicz (1735-1801), posta\u0107 nierozdzielnie zwi\u0105zana z dzia\u0142alno\u015bci\u0105 Komisji Edukacji Narodowej. Zanim zosta\u0142 cz\u0142onkiem tej\u017ce Komisji, mia\u0142 ju\u017c bogate do\u015bwiadczenie pedagogiczne zdobyte [&hellip;]<\/p>\n","protected":false},"author":2,"featured_media":0,"parent":0,"menu_order":0,"comment_status":"closed","ping_status":"closed","template":"","meta":{"site-sidebar-layout":"no-sidebar","site-content-layout":"page-builder","ast-site-content-layout":"default","site-content-style":"default","site-sidebar-style":"default","ast-global-header-display":"","ast-banner-title-visibility":"","ast-main-header-display":"","ast-hfb-above-header-display":"","ast-hfb-below-header-display":"","ast-hfb-mobile-header-display":"","site-post-title":"disabled","ast-breadcrumbs-content":"","ast-featured-img":"disabled","footer-sml-layout":"","ast-disable-related-posts":"","theme-transparent-header-meta":"enabled","adv-header-id-meta":"","stick-header-meta":"","header-above-stick-meta":"","header-main-stick-meta":"","header-below-stick-meta":"","astra-migrate-meta-layouts":"default","ast-page-background-enabled":"default","ast-page-background-meta":{"desktop":{"background-color":"","background-image":"","background-repeat":"repeat","background-position":"center center","background-size":"auto","background-attachment":"scroll","background-type":"","background-media":"","overlay-type":"","overlay-color":"","overlay-opacity":"","overlay-gradient":""},"tablet":{"background-color":"","background-image":"","background-repeat":"repeat","background-position":"center center","background-size":"auto","background-attachment":"scroll","background-type":"","background-media":"","overlay-type":"","overlay-color":"","overlay-opacity":"","overlay-gradient":""},"mobile":{"background-color":"","background-image":"","background-repeat":"repeat","background-position":"center center","background-size":"auto","background-attachment":"scroll","background-type":"","background-media":"","overlay-type":"","overlay-color":"","overlay-opacity":"","overlay-gradient":""}},"ast-content-background-meta":{"desktop":{"background-color":"var(--ast-global-color-5)","background-image":"","background-repeat":"repeat","background-position":"center center","background-size":"auto","background-attachment":"scroll","background-type":"","background-media":"","overlay-type":"","overlay-color":"","overlay-opacity":"","overlay-gradient":""},"tablet":{"background-color":"var(--ast-global-color-5)","background-image":"","background-repeat":"repeat","background-position":"center center","background-size":"auto","background-attachment":"scroll","background-type":"","background-media":"","overlay-type":"","overlay-color":"","overlay-opacity":"","overlay-gradient":""},"mobile":{"background-color":"var(--ast-global-color-5)","background-image":"","background-repeat":"repeat","background-position":"center center","background-size":"auto","background-attachment":"scroll","background-type":"","background-media":"","overlay-type":"","overlay-color":"","overlay-opacity":"","overlay-gradient":""}},"footnotes":""},"folder":[],"class_list":["post-661","page","type-page","status-publish","hentry"],"_links":{"self":[{"href":"https:\/\/piramowicz.pl\/index.php\/wp-json\/wp\/v2\/pages\/661","targetHints":{"allow":["GET"]}}],"collection":[{"href":"https:\/\/piramowicz.pl\/index.php\/wp-json\/wp\/v2\/pages"}],"about":[{"href":"https:\/\/piramowicz.pl\/index.php\/wp-json\/wp\/v2\/types\/page"}],"author":[{"embeddable":true,"href":"https:\/\/piramowicz.pl\/index.php\/wp-json\/wp\/v2\/users\/2"}],"replies":[{"embeddable":true,"href":"https:\/\/piramowicz.pl\/index.php\/wp-json\/wp\/v2\/comments?post=661"}],"version-history":[{"count":23,"href":"https:\/\/piramowicz.pl\/index.php\/wp-json\/wp\/v2\/pages\/661\/revisions"}],"predecessor-version":[{"id":857,"href":"https:\/\/piramowicz.pl\/index.php\/wp-json\/wp\/v2\/pages\/661\/revisions\/857"}],"wp:attachment":[{"href":"https:\/\/piramowicz.pl\/index.php\/wp-json\/wp\/v2\/media?parent=661"}],"wp:term":[{"taxonomy":"folder","embeddable":true,"href":"https:\/\/piramowicz.pl\/index.php\/wp-json\/wp\/v2\/folder?post=661"}],"curies":[{"name":"wp","href":"https:\/\/api.w.org\/{rel}","templated":true}]}}