{"id":720,"date":"2022-07-15T21:15:26","date_gmt":"2022-07-15T19:15:26","guid":{"rendered":"https:\/\/piramowicz.pl\/?page_id=720"},"modified":"2025-11-05T20:06:23","modified_gmt":"2025-11-05T19:06:23","slug":"dokumenty","status":"publish","type":"page","link":"https:\/\/piramowicz.pl\/index.php\/dokumenty\/","title":{"rendered":"Dokumenty"},"content":{"rendered":"\t\t<div data-elementor-type=\"wp-page\" data-elementor-id=\"720\" class=\"elementor elementor-720\">\n\t\t\t\t\t\t<section class=\"elementor-section elementor-top-section elementor-element elementor-element-a57d3e0 elementor-section-boxed elementor-section-height-default elementor-section-height-default\" data-id=\"a57d3e0\" data-element_type=\"section\" data-e-type=\"section\" data-settings=\"{&quot;background_background&quot;:&quot;classic&quot;}\">\n\t\t\t\t\t\t\t<div class=\"elementor-background-overlay\"><\/div>\n\t\t\t\t\t\t\t<div class=\"elementor-container elementor-column-gap-default\">\n\t\t\t\t\t<div class=\"elementor-column elementor-col-100 elementor-top-column elementor-element elementor-element-547f7a4\" data-id=\"547f7a4\" data-element_type=\"column\" data-e-type=\"column\">\n\t\t\t<div class=\"elementor-widget-wrap elementor-element-populated\">\n\t\t\t\t\t\t<div class=\"elementor-element elementor-element-2e006b4 elementor-widget elementor-widget-heading\" data-id=\"2e006b4\" data-element_type=\"widget\" data-e-type=\"widget\" data-widget_type=\"heading.default\">\n\t\t\t\t<div class=\"elementor-widget-container\">\n\t\t\t\t\t<h1 class=\"elementor-heading-title elementor-size-default\">Dokumenty<\/h1>\t\t\t\t<\/div>\n\t\t\t\t<\/div>\n\t\t\t\t\t<\/div>\n\t\t<\/div>\n\t\t\t\t\t<\/div>\n\t\t<\/section>\n\t\t\t\t<section class=\"elementor-section elementor-top-section elementor-element elementor-element-fe141b0 elementor-section-boxed elementor-section-height-default elementor-section-height-default\" data-id=\"fe141b0\" data-element_type=\"section\" data-e-type=\"section\" data-settings=\"{&quot;background_background&quot;:&quot;classic&quot;}\">\n\t\t\t\t\t\t<div class=\"elementor-container elementor-column-gap-default\">\n\t\t\t\t\t<div class=\"elementor-column elementor-col-100 elementor-top-column elementor-element elementor-element-8cbfcff\" data-id=\"8cbfcff\" data-element_type=\"column\" data-e-type=\"column\">\n\t\t\t<div class=\"elementor-widget-wrap elementor-element-populated\">\n\t\t\t\t\t\t<div class=\"elementor-element elementor-element-654480f elementor-widget elementor-widget-text-editor\" data-id=\"654480f\" data-element_type=\"widget\" data-e-type=\"widget\" data-widget_type=\"text-editor.default\">\n\t\t\t\t<div class=\"elementor-widget-container\">\n\t\t\t\t\t\t\t\t\t<p><strong>Na tej stronie znajdziecie Pa\u0144stwo linki do wszelkiego rodzaju dokument\u00f3w szkolnych zasadniczo w formacie pdf (jednak czasem w formacie graficznym).<\/strong><\/p>\t\t\t\t\t\t\t\t<\/div>\n\t\t\t\t<\/div>\n\t\t\t\t\t<\/div>\n\t\t<\/div>\n\t\t\t\t\t<\/div>\n\t\t<\/section>\n\t\t\t\t<section class=\"elementor-section elementor-top-section elementor-element elementor-element-80d4584 elementor-section-boxed elementor-section-height-default elementor-section-height-default\" data-id=\"80d4584\" data-element_type=\"section\" data-e-type=\"section\" data-settings=\"{&quot;background_background&quot;:&quot;classic&quot;}\">\n\t\t\t\t\t\t<div class=\"elementor-container elementor-column-gap-default\">\n\t\t\t\t\t<div class=\"elementor-column elementor-col-100 elementor-top-column elementor-element elementor-element-c72e3a8\" data-id=\"c72e3a8\" data-element_type=\"column\" data-e-type=\"column\">\n\t\t\t<div class=\"elementor-widget-wrap elementor-element-populated\">\n\t\t\t\t\t\t<div class=\"elementor-element elementor-element-0a2b5cf elementor-widget elementor-widget-heading\" data-id=\"0a2b5cf\" data-element_type=\"widget\" data-e-type=\"widget\" data-widget_type=\"heading.default\">\n\t\t\t\t<div class=\"elementor-widget-container\">\n\t\t\t\t\t<h3 class=\"elementor-heading-title elementor-size-default\">Podstawowe dokumenty<\/h3>\t\t\t\t<\/div>\n\t\t\t\t<\/div>\n\t\t\t\t<div class=\"elementor-element elementor-element-8051d65 elementor-widget elementor-widget-text-editor\" data-id=\"8051d65\" data-element_type=\"widget\" data-e-type=\"widget\" data-widget_type=\"text-editor.default\">\n\t\t\t\t<div class=\"elementor-widget-container\">\n\t\t\t\t\t\t\t\t\t<p><a href=\"https:\/\/piramowicz.pl\/wp-content\/uploads\/2022\/07\/statut.pdf\" target=\"_blank\" rel=\"noopener\"><strong>Statut Szko\u0142y<\/strong><\/a><\/p>\t\t\t\t\t\t\t\t<\/div>\n\t\t\t\t<\/div>\n\t\t\t\t<div class=\"elementor-element elementor-element-73aa34c elementor-widget elementor-widget-text-editor\" data-id=\"73aa34c\" data-element_type=\"widget\" data-e-type=\"widget\" data-widget_type=\"text-editor.default\">\n\t\t\t\t<div class=\"elementor-widget-container\">\n\t\t\t\t\t\t\t\t\t<p><a href=\"https:\/\/piramowicz.pl\/wp-content\/uploads\/2022\/09\/wyciagliceum.pdf\" target=\"_blank\" rel=\"noopener\"><strong>Wyci\u0105g z dokument\u00f3w dla Liceum<\/strong><\/a><\/p>\t\t\t\t\t\t\t\t<\/div>\n\t\t\t\t<\/div>\n\t\t\t\t<div class=\"elementor-element elementor-element-0a841ea elementor-widget elementor-widget-text-editor\" data-id=\"0a841ea\" data-element_type=\"widget\" data-e-type=\"widget\" data-widget_type=\"text-editor.default\">\n\t\t\t\t<div class=\"elementor-widget-container\">\n\t\t\t\t\t\t\t\t\t<p><a href=\"https:\/\/piramowicz.pl\/wp-content\/uploads\/2022\/07\/kalendarz.pdf\" target=\"_blank\" rel=\"noopener\"><b>Kalendarz roku szkolnego<\/b><\/a><\/p>\t\t\t\t\t\t\t\t<\/div>\n\t\t\t\t<\/div>\n\t\t\t\t<div class=\"elementor-element elementor-element-c71f301 elementor-widget elementor-widget-text-editor\" data-id=\"c71f301\" data-element_type=\"widget\" data-e-type=\"widget\" data-widget_type=\"text-editor.default\">\n\t\t\t\t<div class=\"elementor-widget-container\">\n\t\t\t\t\t\t\t\t\t<p><a href=\"https:\/\/piramowicz.pl\/wp-content\/uploads\/2022\/07\/terminarz.pdf\" target=\"_blank\" rel=\"noopener\"><b>Terminarz spotka\u0144 z rodzicami<\/b><\/a><\/p>\t\t\t\t\t\t\t\t<\/div>\n\t\t\t\t<\/div>\n\t\t\t\t<div class=\"elementor-element elementor-element-7241075 elementor-widget elementor-widget-text-editor\" data-id=\"7241075\" data-element_type=\"widget\" data-e-type=\"widget\" data-widget_type=\"text-editor.default\">\n\t\t\t\t<div class=\"elementor-widget-container\">\n\t\t\t\t\t\t\t\t\t<p><a href=\"https:\/\/piramowicz.pl\/wp-content\/uploads\/2022\/07\/podreczniki_kl_1_LO.pdf\" target=\"_blank\" rel=\"noopener\"><b>Podr\u0119czniki do klasy pierwszej liceum 4 letniego po szkole podstawowej na rok szkolny 2022\/23<\/b><\/a><\/p>\t\t\t\t\t\t\t\t<\/div>\n\t\t\t\t<\/div>\n\t\t\t\t<div class=\"elementor-element elementor-element-7a4a818 elementor-widget elementor-widget-text-editor\" data-id=\"7a4a818\" data-element_type=\"widget\" data-e-type=\"widget\" data-widget_type=\"text-editor.default\">\n\t\t\t\t<div class=\"elementor-widget-container\">\n\t\t\t\t\t\t\t\t\t<p><a href=\"https:\/\/piramowicz.pl\/wp-content\/uploads\/2022\/07\/podreczniki_kl_2_3_4_LO.pdf\" target=\"_blank\" rel=\"noopener\"><b>Podr\u0119czniki do klasy drugiej, trzeciej i czwartej liceum 4 letniego po szkole podstawowej na rok szkolny 2023\/234<\/b><\/a><\/p>\t\t\t\t\t\t\t\t<\/div>\n\t\t\t\t<\/div>\n\t\t\t\t<div class=\"elementor-element elementor-element-fc28928 elementor-widget elementor-widget-text-editor\" data-id=\"fc28928\" data-element_type=\"widget\" data-e-type=\"widget\" data-widget_type=\"text-editor.default\">\n\t\t\t\t<div class=\"elementor-widget-container\">\n\t\t\t\t\t\t\t\t\t<p><a href=\"https:\/\/piramowicz.pl\/wp-content\/uploads\/2022\/11\/pw10.22.pdf\" target=\"_blank\" rel=\"noopener\"><b>Program wychowawczo-profilaktyczny<\/b><\/a><\/p>\t\t\t\t\t\t\t\t<\/div>\n\t\t\t\t<\/div>\n\t\t\t\t<div class=\"elementor-element elementor-element-6e75ffe elementor-widget elementor-widget-heading\" data-id=\"6e75ffe\" data-element_type=\"widget\" data-e-type=\"widget\" data-widget_type=\"heading.default\">\n\t\t\t\t<div class=\"elementor-widget-container\">\n\t\t\t\t\t<h3 class=\"elementor-heading-title elementor-size-default\">Duplikaty \u015bwiadectw<\/h3>\t\t\t\t<\/div>\n\t\t\t\t<\/div>\n\t\t\t\t<div class=\"elementor-element elementor-element-b3976ae elementor-widget elementor-widget-text-editor\" data-id=\"b3976ae\" data-element_type=\"widget\" data-e-type=\"widget\" data-widget_type=\"text-editor.default\">\n\t\t\t\t<div class=\"elementor-widget-container\">\n\t\t\t\t\t\t\t\t\t<p>Informujemy, \u017ce Zesp\u00f3\u0142 Szk\u00f3\u0142 Og\u00f3lnokszta\u0142c\u0105cych wydaje duplikaty \u015bwiadectw uko\u0144czenia szko\u0142y w roku szkolnym 2022\/2023 i latach p\u00f3\u017aniejszych. <br \/>Za wydanie duplikat\u00f3w \u015bwiadectw uko\u0144czenia szko\u0142y z lat wcze\u015bniejszych odpowiada Kuratorium O\u015bwiaty w Bia\u0142ymstoku. <\/p>\t\t\t\t\t\t\t\t<\/div>\n\t\t\t\t<\/div>\n\t\t\t\t<div class=\"elementor-element elementor-element-3b22573 elementor-widget elementor-widget-text-editor\" data-id=\"3b22573\" data-element_type=\"widget\" data-e-type=\"widget\" data-widget_type=\"text-editor.default\">\n\t\t\t\t<div class=\"elementor-widget-container\">\n\t\t\t\t\t\t\t\t\tOsoba ubiegaj\u0105ca si\u0119 o wydanie duplikatu \u015bwiadectwa powinna z\u0142o\u017cy\u0107 w Zespole Szk\u00f3\u0142 Og\u00f3lnokszta\u0142c\u0105cych w Augustowie osobi\u015bcie lub listownie nast\u0119puj\u0105ce dokumenty:\n<ul>\n \t<li>Wniosek o wydanie duplikatu \u015bwiadectwa (zobacz: wz\u00f3r wniosku);<\/li>\n \t<li>Dow\u00f3d wniesienia op\u0142aty na rachunek bankowy Zespo\u0142u Szk\u00f3\u0142 Og\u00f3lnokszta\u0142c\u0105cych w Augustowie nr konta: 09 1240 5211 1111 0010 2992 9554 Bank PEKAO S.A. w wysoko\u015bci 26 z\u0142 \u2013 od jednego dokumentu (z dopiskiem \u2013 nazwisko i imi\u0119 wnioskodawcy, rok uko\u0144czenia szko\u0142y);\nW przypadku, gdy wnioskodawca nie jest osob\u0105, kt\u00f3rej dotyczy wydanie duplikatu \u015bwiadectwa \u2013 upowa\u017cnienie wystawione przez t\u0119 osob\u0119 (zobacz: wz\u00f3r upowa\u017cnienia).<\/li>\n \t<li>Wystawiony duplikat mo\u017cna odebra\u0107 osobi\u015bcie (po uprzednim telefonicznym uzgodnieniu 876432402) w godzinach od 8.00 do 14.00 w&nbsp;ZSO w Augustowie ul. \u015ar\u00f3dmie\u015bcie 31, b\u0105d\u017a zostanie przes\u0142any na wskazany we wniosku adres listem za potwierdzeniem odbioru.<\/li>\n<\/ul>\t\t\t\t\t\t\t\t<\/div>\n\t\t\t\t<\/div>\n\t\t\t\t<div class=\"elementor-element elementor-element-ccf66cb elementor-widget elementor-widget-text-editor\" data-id=\"ccf66cb\" data-element_type=\"widget\" data-e-type=\"widget\" data-widget_type=\"text-editor.default\">\n\t\t\t\t<div class=\"elementor-widget-container\">\n\t\t\t\t\t\t\t\t\t<p><a href=\"https:\/\/piramowicz.pl\/wp-content\/uploads\/2022\/07\/WniosekOWydanieDuplikatuSwiadectwa.pdf\" target=\"_blank\" rel=\"noopener\"><b>Wniosek o wydanie duplikatu \u015bwiadectwa<\/b><\/a><\/p>\t\t\t\t\t\t\t\t<\/div>\n\t\t\t\t<\/div>\n\t\t\t\t<div class=\"elementor-element elementor-element-4fb4345 elementor-widget elementor-widget-text-editor\" data-id=\"4fb4345\" data-element_type=\"widget\" data-e-type=\"widget\" data-widget_type=\"text-editor.default\">\n\t\t\t\t<div class=\"elementor-widget-container\">\n\t\t\t\t\t\t\t\t\t<p><a href=\"https:\/\/piramowicz.pl\/wp-content\/uploads\/2022\/07\/upowaznienie_duplikat.pdf\" target=\"_blank\" rel=\"noopener\"><b>Wz\u00f3r upowa\u017cnienia<\/b><\/a><\/p>\t\t\t\t\t\t\t\t<\/div>\n\t\t\t\t<\/div>\n\t\t\t\t<div class=\"elementor-element elementor-element-063e6d7 elementor-widget elementor-widget-heading\" data-id=\"063e6d7\" data-element_type=\"widget\" data-e-type=\"widget\" data-widget_type=\"heading.default\">\n\t\t\t\t<div class=\"elementor-widget-container\">\n\t\t\t\t\t<h3 class=\"elementor-heading-title elementor-size-default\">Obowi\u0105zek informacyjny RODO<\/h3>\t\t\t\t<\/div>\n\t\t\t\t<\/div>\n\t\t\t\t<div class=\"elementor-element elementor-element-2955459 elementor-widget elementor-widget-text-editor\" data-id=\"2955459\" data-element_type=\"widget\" data-e-type=\"widget\" data-widget_type=\"text-editor.default\">\n\t\t\t\t<div class=\"elementor-widget-container\">\n\t\t\t\t\t\t\t\t\t<p><strong><a href=\"https:\/\/piramowicz.pl\/wp-content\/uploads\/2023\/02\/InformacjaInspektorOchronyDanych.pdf\" target=\"_blank\" rel=\"noopener\">Informacja o inspektorze danych osobowych<\/a><\/strong><\/p>\t\t\t\t\t\t\t\t<\/div>\n\t\t\t\t<\/div>\n\t\t\t\t<div class=\"elementor-element elementor-element-7aa7571 elementor-widget elementor-widget-text-editor\" data-id=\"7aa7571\" data-element_type=\"widget\" data-e-type=\"widget\" data-widget_type=\"text-editor.default\">\n\t\t\t\t<div class=\"elementor-widget-container\">\n\t\t\t\t\t\t\t\t\t<p><strong><a href=\"https:\/\/piramowicz.pl\/wp-content\/uploads\/2023\/02\/KlauzulaInformacyjnaUczniowieRodzice.pdf\" target=\"_blank\" rel=\"noopener\">Klauzula informacyjna dla rodzic\u00f3w i uczni\u00f3w<\/a><\/strong><\/p>\t\t\t\t\t\t\t\t<\/div>\n\t\t\t\t<\/div>\n\t\t\t\t<div class=\"elementor-element elementor-element-3aa33ac elementor-widget elementor-widget-text-editor\" data-id=\"3aa33ac\" data-element_type=\"widget\" data-e-type=\"widget\" data-widget_type=\"text-editor.default\">\n\t\t\t\t<div class=\"elementor-widget-container\">\n\t\t\t\t\t\t\t\t\t<p><a href=\"https:\/\/piramowicz.pl\/wp-content\/uploads\/2023\/02\/KlauzulaInformacyjnaPracownik.pdf\" target=\"_blank\" rel=\"noopener\"><strong>Klauzula informacyjna dla nauczycieli i pracownik\u00f3w<\/strong><\/a><\/p>\t\t\t\t\t\t\t\t<\/div>\n\t\t\t\t<\/div>\n\t\t\t\t<div class=\"elementor-element elementor-element-14aca4c elementor-widget elementor-widget-text-editor\" data-id=\"14aca4c\" data-element_type=\"widget\" data-e-type=\"widget\" data-widget_type=\"text-editor.default\">\n\t\t\t\t<div class=\"elementor-widget-container\">\n\t\t\t\t\t\t\t\t\t<p><a href=\"https:\/\/piramowicz.pl\/wp-content\/uploads\/2023\/02\/KlauzulaInformacyjnaRekrutacja.pdf\" target=\"_blank\" rel=\"noopener\"><strong>Klauzula informacyjna dla\u00a0os\u00f3b sk\u0142adaj\u0105cych podanie o prac\u0119<\/strong><\/a><\/p>\t\t\t\t\t\t\t\t<\/div>\n\t\t\t\t<\/div>\n\t\t\t\t<div class=\"elementor-element elementor-element-bbe915b elementor-widget elementor-widget-text-editor\" data-id=\"bbe915b\" data-element_type=\"widget\" data-e-type=\"widget\" data-widget_type=\"text-editor.default\">\n\t\t\t\t<div class=\"elementor-widget-container\">\n\t\t\t\t\t\t\t\t\t<p><b><a href=\"https:\/\/piramowicz.pl\/wp-content\/uploads\/2023\/02\/KlauzulaInformacyjnaOPrzetwarzaniuDanychOsobowych.pdf\" target=\"_blank\" rel=\"noopener\">Og\u00f3lna klauzula informacyjna o przetwarzaniu danych osobowych<\/a><\/b><\/p>\t\t\t\t\t\t\t\t<\/div>\n\t\t\t\t<\/div>\n\t\t\t\t<div class=\"elementor-element elementor-element-a43fb88 elementor-widget elementor-widget-heading\" data-id=\"a43fb88\" data-element_type=\"widget\" data-e-type=\"widget\" data-widget_type=\"heading.default\">\n\t\t\t\t<div class=\"elementor-widget-container\">\n\t\t\t\t\t<h3 class=\"elementor-heading-title elementor-size-default\">Inne dokumenty<\/h3>\t\t\t\t<\/div>\n\t\t\t\t<\/div>\n\t\t\t\t<div class=\"elementor-element elementor-element-580c4e0 elementor-widget elementor-widget-text-editor\" data-id=\"580c4e0\" data-element_type=\"widget\" data-e-type=\"widget\" data-widget_type=\"text-editor.default\">\n\t\t\t\t<div class=\"elementor-widget-container\">\n\t\t\t\t\t\t\t\t\t<p><a href=\"https:\/\/piramowicz.pl\/wp-content\/uploads\/2022\/07\/poradnik_wyjazdy_grup.pdf\" target=\"_blank\" rel=\"noopener\"><strong>Poradnik dotycz\u0105cy organizacji wyjazdu zorganizowanej grupy dzieci i m\u0142odzie\u017cy\u00a0 w woj. podlaskim<\/strong><\/a><\/p>\t\t\t\t\t\t\t\t<\/div>\n\t\t\t\t<\/div>\n\t\t\t\t\t<\/div>\n\t\t<\/div>\n\t\t\t\t\t<\/div>\n\t\t<\/section>\n\t\t\t\t<\/div>\n\t\t","protected":false},"excerpt":{"rendered":"<p>Dokumenty Na tej stronie znajdziecie Pa\u0144stwo linki do wszelkiego rodzaju dokument\u00f3w szkolnych zasadniczo w formacie pdf (jednak czasem w formacie graficznym). Podstawowe dokumenty Statut Szko\u0142y Wyci\u0105g z dokument\u00f3w dla Liceum Kalendarz roku szkolnego Terminarz spotka\u0144 z rodzicami Podr\u0119czniki do klasy pierwszej liceum 4 letniego po szkole podstawowej na rok szkolny 2022\/23 Podr\u0119czniki do klasy drugiej, [&hellip;]<\/p>\n","protected":false},"author":2,"featured_media":0,"parent":0,"menu_order":0,"comment_status":"closed","ping_status":"closed","template":"","meta":{"site-sidebar-layout":"no-sidebar","site-content-layout":"page-builder","ast-site-content-layout":"default","site-content-style":"default","site-sidebar-style":"default","ast-global-header-display":"","ast-banner-title-visibility":"","ast-main-header-display":"","ast-hfb-above-header-display":"","ast-hfb-below-header-display":"","ast-hfb-mobile-header-display":"","site-post-title":"disabled","ast-breadcrumbs-content":"","ast-featured-img":"disabled","footer-sml-layout":"","ast-disable-related-posts":"","theme-transparent-header-meta":"enabled","adv-header-id-meta":"","stick-header-meta":"","header-above-stick-meta":"","header-main-stick-meta":"","header-below-stick-meta":"","astra-migrate-meta-layouts":"default","ast-page-background-enabled":"default","ast-page-background-meta":{"desktop":{"background-color":"","background-image":"","background-repeat":"repeat","background-position":"center center","background-size":"auto","background-attachment":"scroll","background-type":"","background-media":"","overlay-type":"","overlay-color":"","overlay-opacity":"","overlay-gradient":""},"tablet":{"background-color":"","background-image":"","background-repeat":"repeat","background-position":"center center","background-size":"auto","background-attachment":"scroll","background-type":"","background-media":"","overlay-type":"","overlay-color":"","overlay-opacity":"","overlay-gradient":""},"mobile":{"background-color":"","background-image":"","background-repeat":"repeat","background-position":"center center","background-size":"auto","background-attachment":"scroll","background-type":"","background-media":"","overlay-type":"","overlay-color":"","overlay-opacity":"","overlay-gradient":""}},"ast-content-background-meta":{"desktop":{"background-color":"var(--ast-global-color-5)","background-image":"","background-repeat":"repeat","background-position":"center center","background-size":"auto","background-attachment":"scroll","background-type":"","background-media":"","overlay-type":"","overlay-color":"","overlay-opacity":"","overlay-gradient":""},"tablet":{"background-color":"var(--ast-global-color-5)","background-image":"","background-repeat":"repeat","background-position":"center center","background-size":"auto","background-attachment":"scroll","background-type":"","background-media":"","overlay-type":"","overlay-color":"","overlay-opacity":"","overlay-gradient":""},"mobile":{"background-color":"var(--ast-global-color-5)","background-image":"","background-repeat":"repeat","background-position":"center center","background-size":"auto","background-attachment":"scroll","background-type":"","background-media":"","overlay-type":"","overlay-color":"","overlay-opacity":"","overlay-gradient":""}},"footnotes":""},"folder":[],"class_list":["post-720","page","type-page","status-publish","hentry"],"_links":{"self":[{"href":"https:\/\/piramowicz.pl\/index.php\/wp-json\/wp\/v2\/pages\/720","targetHints":{"allow":["GET"]}}],"collection":[{"href":"https:\/\/piramowicz.pl\/index.php\/wp-json\/wp\/v2\/pages"}],"about":[{"href":"https:\/\/piramowicz.pl\/index.php\/wp-json\/wp\/v2\/types\/page"}],"author":[{"embeddable":true,"href":"https:\/\/piramowicz.pl\/index.php\/wp-json\/wp\/v2\/users\/2"}],"replies":[{"embeddable":true,"href":"https:\/\/piramowicz.pl\/index.php\/wp-json\/wp\/v2\/comments?post=720"}],"version-history":[{"count":44,"href":"https:\/\/piramowicz.pl\/index.php\/wp-json\/wp\/v2\/pages\/720\/revisions"}],"predecessor-version":[{"id":4000,"href":"https:\/\/piramowicz.pl\/index.php\/wp-json\/wp\/v2\/pages\/720\/revisions\/4000"}],"wp:attachment":[{"href":"https:\/\/piramowicz.pl\/index.php\/wp-json\/wp\/v2\/media?parent=720"}],"wp:term":[{"taxonomy":"folder","embeddable":true,"href":"https:\/\/piramowicz.pl\/index.php\/wp-json\/wp\/v2\/folder?post=720"}],"curies":[{"name":"wp","href":"https:\/\/api.w.org\/{rel}","templated":true}]}}