{"id":872,"date":"2022-07-18T14:45:18","date_gmt":"2022-07-18T12:45:18","guid":{"rendered":"https:\/\/piramowicz.pl\/?page_id=872"},"modified":"2022-07-19T16:58:09","modified_gmt":"2022-07-19T14:58:09","slug":"teatr","status":"publish","type":"page","link":"https:\/\/piramowicz.pl\/index.php\/teatr\/","title":{"rendered":"O teatrze"},"content":{"rendered":"\t\t<div data-elementor-type=\"wp-page\" data-elementor-id=\"872\" class=\"elementor elementor-872\">\n\t\t\t\t\t\t<section class=\"elementor-section elementor-top-section elementor-element elementor-element-1f6630f elementor-section-boxed elementor-section-height-default elementor-section-height-default\" data-id=\"1f6630f\" data-element_type=\"section\" data-e-type=\"section\" data-settings=\"{&quot;background_background&quot;:&quot;classic&quot;}\">\n\t\t\t\t\t\t<div class=\"elementor-container elementor-column-gap-default\">\n\t\t\t\t\t<div class=\"elementor-column elementor-col-100 elementor-top-column elementor-element elementor-element-e44bc93\" data-id=\"e44bc93\" data-element_type=\"column\" data-e-type=\"column\">\n\t\t\t<div class=\"elementor-widget-wrap elementor-element-populated\">\n\t\t\t\t\t\t<div class=\"elementor-element elementor-element-3c32785 elementor-widget elementor-widget-heading\" data-id=\"3c32785\" data-element_type=\"widget\" data-e-type=\"widget\" data-widget_type=\"heading.default\">\n\t\t\t\t<div class=\"elementor-widget-container\">\n\t\t\t\t\t<h1 class=\"elementor-heading-title elementor-size-default\">Teatr<\/h1>\t\t\t\t<\/div>\n\t\t\t\t<\/div>\n\t\t\t\t\t<\/div>\n\t\t<\/div>\n\t\t\t\t\t<\/div>\n\t\t<\/section>\n\t\t\t\t<section class=\"elementor-section elementor-top-section elementor-element elementor-element-c454258 elementor-section-boxed elementor-section-height-default elementor-section-height-default\" data-id=\"c454258\" data-element_type=\"section\" data-e-type=\"section\" data-settings=\"{&quot;background_background&quot;:&quot;classic&quot;}\">\n\t\t\t\t\t\t<div class=\"elementor-container elementor-column-gap-default\">\n\t\t\t\t\t<div class=\"elementor-column elementor-col-100 elementor-top-column elementor-element elementor-element-e4020c3\" data-id=\"e4020c3\" data-element_type=\"column\" data-e-type=\"column\">\n\t\t\t<div class=\"elementor-widget-wrap elementor-element-populated\">\n\t\t\t\t\t\t<div class=\"elementor-element elementor-element-546c48e elementor-widget-divider--view-line_icon elementor-view-default elementor-widget-divider--element-align-center elementor-widget elementor-widget-divider\" data-id=\"546c48e\" data-element_type=\"widget\" data-e-type=\"widget\" data-widget_type=\"divider.default\">\n\t\t\t\t<div class=\"elementor-widget-container\">\n\t\t\t\t\t\t\t<div class=\"elementor-divider\">\n\t\t\t<span class=\"elementor-divider-separator\">\n\t\t\t\t\t\t\t<div class=\"elementor-icon elementor-divider__element\">\n\t\t\t\t\t<i aria-hidden=\"true\" class=\"fas fa-star\"><\/i><\/div>\n\t\t\t\t\t\t<\/span>\n\t\t<\/div>\n\t\t\t\t\t\t<\/div>\n\t\t\t\t<\/div>\n\t\t\t\t\t<\/div>\n\t\t<\/div>\n\t\t\t\t\t<\/div>\n\t\t<\/section>\n\t\t\t\t<section class=\"elementor-section elementor-top-section elementor-element elementor-element-1b28b98 elementor-section-boxed elementor-section-height-default elementor-section-height-default\" data-id=\"1b28b98\" data-element_type=\"section\" data-e-type=\"section\" data-settings=\"{&quot;background_background&quot;:&quot;classic&quot;}\">\n\t\t\t\t\t\t<div class=\"elementor-container elementor-column-gap-default\">\n\t\t\t\t\t<div class=\"elementor-column elementor-col-100 elementor-top-column elementor-element elementor-element-343d8a5\" data-id=\"343d8a5\" data-element_type=\"column\" data-e-type=\"column\">\n\t\t\t<div class=\"elementor-widget-wrap elementor-element-populated\">\n\t\t\t\t\t\t<div class=\"elementor-element elementor-element-8965dc4 elementor-widget elementor-widget-heading\" data-id=\"8965dc4\" data-element_type=\"widget\" data-e-type=\"widget\" data-widget_type=\"heading.default\">\n\t\t\t\t<div class=\"elementor-widget-container\">\n\t\t\t\t\t<h2 class=\"elementor-heading-title elementor-size-default\">O teatrze<\/h2>\t\t\t\t<\/div>\n\t\t\t\t<\/div>\n\t\t\t\t<div class=\"elementor-element elementor-element-67fd26b elementor-widget elementor-widget-text-editor\" data-id=\"67fd26b\" data-element_type=\"widget\" data-e-type=\"widget\" data-widget_type=\"text-editor.default\">\n\t\t\t\t<div class=\"elementor-widget-container\">\n\t\t\t\t\t\t\t\t\t<p><strong>Pocz\u0105tki teatru<\/strong><br \/>Pocz\u0105tkowo zesp\u00f3\u0142 dzia\u0142a\u0142 bez nazwy. Premierowy spektakl wi\u0105za\u0142 si\u0119 z obchodami Dnia Nauczyciela w roku 1988 i by\u0142 wystawiany trzykrotnie: dla szko\u0142y, nauczycieli powiatu i wojew\u00f3dztwa. Od pocz\u0105tku teatr dba\u0142 o profesjonalizm wykonania i niekonwencjonalne rozwi\u0105zania sceniczne. Now\u0105 inicjatyw\u0105 sta\u0142y si\u0119 wkr\u00f3tce r\u00f3\u017cnorodne tematycznie kawiarenki poetycko-muzyczne, kt\u00f3re cieszy\u0142y si\u0119 du\u017c\u0105 popularno\u015bci\u0105. Od roku 1995 teatr funkcjonowa\u0142 ju\u017c pod nazw\u0105 Res Humanae, co znaczy &#8222;rzecz ludzka&#8221;. Pierwotnie grupa organizowa\u0142a wyst\u0119py w r\u00f3\u017cnych miejscach szko\u0142y (sto\u0142\u00f3wka, piwnica, sala gimnastyczna), a tak\u017ce poza ni\u0105, np. w Osiedlowym czy Miejskim Domu Kultury, w Ko\u015bcio\u0142ach Augustowa i okolicy.<\/p><p><strong><a href=\"https:\/\/piramowicz.pl\/wp-content\/uploads\/2022\/07\/OTeatrze.pdf\" target=\"_blank\" rel=\"noopener\">Ci\u0105g dalszy w osobnym dokumencie.<\/a><\/strong><\/p>\t\t\t\t\t\t\t\t<\/div>\n\t\t\t\t<\/div>\n\t\t\t\t<div class=\"elementor-element elementor-element-1fe0b9d elementor-widget elementor-widget-heading\" data-id=\"1fe0b9d\" data-element_type=\"widget\" data-e-type=\"widget\" data-widget_type=\"heading.default\">\n\t\t\t\t<div class=\"elementor-widget-container\">\n\t\t\t\t\t<h2 class=\"elementor-heading-title elementor-size-default\">Historia teatru<\/h2>\t\t\t\t<\/div>\n\t\t\t\t<\/div>\n\t\t\t\t<div class=\"elementor-element elementor-element-6dc60fb elementor-widget elementor-widget-text-editor\" data-id=\"6dc60fb\" data-element_type=\"widget\" data-e-type=\"widget\" data-widget_type=\"text-editor.default\">\n\t\t\t\t<div class=\"elementor-widget-container\">\n\t\t\t\t\t\t\t\t\t<p>Aktualnie dzia\u0142aj\u0105cy teatr mia\u0142 swoich \u015bwietnych poprzednik\u00f3w. Jak odnotowuje kronika szko\u0142y, ju\u017c w latach 1945 &#8211; 48 w szkole kwit\u0142o bogate \u017cycie kulturalne. Istnia\u0142y powsta\u0142e z inicjatywy m\u0142odzie\u017cy zespo\u0142y taneczny i teatralny. Pierwszym re\u017cyserem by\u0142 ucze\u0144 Jerzy Sadowski, ale wkr\u00f3tce jego role przej\u0119li pedagodzy &#8211; dyrektor Franciszek Ludwi\u0144ski, a nast\u0119pnie zaanga\u017cowana przez wiele kolejnych lat w dzia\u0142alno\u015b\u0107 sceniczn\u0105 pani Larysa Ku\u017amicz. Wystawiano klasyk\u0119 teatraln\u0105, m.in. &#8222;Damy i huzary&#8221; Fredry czy &#8222;Rewizora&#8221; Gogola. R\u00f3wnie\u017c kroniki z lat p\u00f3\u017aniejszych odnotowuj\u0105 zorganizowane formy \u017cycia kulturalnego. Kazimierz Sobczak w r. szk. 1953\/54 organizuje ko\u0142o dramatyczne (m.in. spektakle &#8222;M\u0142odo\u015b\u0107 to my&#8221; i &#8222;Armia pokoju&#8221;), w tym te\u017c roku rozpocz\u0119\u0142a si\u0119 wieloletnia praca nauczycieli w zespole teatralnym.<\/p><p><strong><a href=\"https:\/\/piramowicz.pl\/wp-content\/uploads\/2022\/07\/HistoriaTeatru.pdf\" target=\"_blank\" rel=\"noopener\">Ci\u0105g dalszy w osobnym dokumencie.<\/a><\/strong><\/p>\t\t\t\t\t\t\t\t<\/div>\n\t\t\t\t<\/div>\n\t\t\t\t\t<\/div>\n\t\t<\/div>\n\t\t\t\t\t<\/div>\n\t\t<\/section>\n\t\t\t\t<section class=\"elementor-section elementor-top-section elementor-element elementor-element-6c24f89 elementor-section-boxed elementor-section-height-default elementor-section-height-default\" data-id=\"6c24f89\" data-element_type=\"section\" data-e-type=\"section\" data-settings=\"{&quot;background_background&quot;:&quot;classic&quot;}\">\n\t\t\t\t\t\t<div class=\"elementor-container elementor-column-gap-default\">\n\t\t\t\t\t<div class=\"elementor-column elementor-col-100 elementor-top-column elementor-element elementor-element-a00fea4\" data-id=\"a00fea4\" data-element_type=\"column\" data-e-type=\"column\">\n\t\t\t<div class=\"elementor-widget-wrap elementor-element-populated\">\n\t\t\t\t\t\t<div class=\"elementor-element elementor-element-f7a0088 elementor-widget-divider--view-line_icon elementor-view-default elementor-widget-divider--element-align-center elementor-widget elementor-widget-divider\" data-id=\"f7a0088\" data-element_type=\"widget\" data-e-type=\"widget\" data-widget_type=\"divider.default\">\n\t\t\t\t<div class=\"elementor-widget-container\">\n\t\t\t\t\t\t\t<div class=\"elementor-divider\">\n\t\t\t<span class=\"elementor-divider-separator\">\n\t\t\t\t\t\t\t<div class=\"elementor-icon elementor-divider__element\">\n\t\t\t\t\t<i aria-hidden=\"true\" class=\"fas fa-star\"><\/i><\/div>\n\t\t\t\t\t\t<\/span>\n\t\t<\/div>\n\t\t\t\t\t\t<\/div>\n\t\t\t\t<\/div>\n\t\t\t\t\t<\/div>\n\t\t<\/div>\n\t\t\t\t\t<\/div>\n\t\t<\/section>\n\t\t\t\t<section class=\"elementor-section elementor-top-section elementor-element elementor-element-a7ab976 elementor-section-boxed elementor-section-height-default elementor-section-height-default\" data-id=\"a7ab976\" data-element_type=\"section\" data-e-type=\"section\" data-settings=\"{&quot;background_background&quot;:&quot;classic&quot;}\">\n\t\t\t\t\t\t<div class=\"elementor-container elementor-column-gap-default\">\n\t\t\t\t\t<div class=\"elementor-column elementor-col-100 elementor-top-column elementor-element elementor-element-4b96475\" data-id=\"4b96475\" data-element_type=\"column\" data-e-type=\"column\">\n\t\t\t<div class=\"elementor-widget-wrap elementor-element-populated\">\n\t\t\t\t\t\t<div class=\"elementor-element elementor-element-a883ae5 elementor-widget elementor-widget-heading\" data-id=\"a883ae5\" data-element_type=\"widget\" data-e-type=\"widget\" data-widget_type=\"heading.default\">\n\t\t\t\t<div class=\"elementor-widget-container\">\n\t\t\t\t\t<h2 class=\"elementor-heading-title elementor-size-default\">Wybrane wydarzenia z przesz\u0142o\u015bci<\/h2>\t\t\t\t<\/div>\n\t\t\t\t<\/div>\n\t\t\t\t\t<\/div>\n\t\t<\/div>\n\t\t\t\t\t<\/div>\n\t\t<\/section>\n\t\t\t\t<section class=\"elementor-section elementor-top-section elementor-element elementor-element-9441d01 elementor-section-boxed elementor-section-height-default elementor-section-height-default\" data-id=\"9441d01\" data-element_type=\"section\" data-e-type=\"section\" data-settings=\"{&quot;background_background&quot;:&quot;classic&quot;}\">\n\t\t\t\t\t\t<div class=\"elementor-container elementor-column-gap-default\">\n\t\t\t\t\t<div class=\"elementor-column elementor-col-33 elementor-top-column elementor-element elementor-element-ae17f31\" data-id=\"ae17f31\" data-element_type=\"column\" data-e-type=\"column\">\n\t\t\t<div class=\"elementor-widget-wrap elementor-element-populated\">\n\t\t\t\t\t\t<div class=\"elementor-element elementor-element-bca21f6 elementor-position-top elementor-widget elementor-widget-image-box\" data-id=\"bca21f6\" data-element_type=\"widget\" data-e-type=\"widget\" data-widget_type=\"image-box.default\">\n\t\t\t\t<div class=\"elementor-widget-container\">\n\t\t\t\t\t<div class=\"elementor-image-box-wrapper\"><figure class=\"elementor-image-box-img\"><a href=\"https:\/\/piramowicz.pl\/wp-content\/uploads\/2022\/07\/20LecieTeatru.pdf\" target=\"_blank\" tabindex=\"-1\"><img fetchpriority=\"high\" decoding=\"async\" width=\"654\" height=\"393\" src=\"https:\/\/piramowicz.pl\/wp-content\/uploads\/2022\/07\/20lecie.jpg\" class=\"attachment-full size-full wp-image-899\" alt=\"Aktorzy na scenie\" srcset=\"https:\/\/piramowicz.pl\/wp-content\/uploads\/2022\/07\/20lecie.jpg 654w, https:\/\/piramowicz.pl\/wp-content\/uploads\/2022\/07\/20lecie-300x180.jpg 300w\" sizes=\"(max-width: 654px) 100vw, 654px\" \/><\/a><\/figure><div class=\"elementor-image-box-content\"><h3 class=\"elementor-image-box-title\"><a href=\"https:\/\/piramowicz.pl\/wp-content\/uploads\/2022\/07\/20LecieTeatru.pdf\" target=\"_blank\">20 lecie teatru<\/a><\/h3><\/div><\/div>\t\t\t\t<\/div>\n\t\t\t\t<\/div>\n\t\t\t\t\t<\/div>\n\t\t<\/div>\n\t\t\t\t<div class=\"elementor-column elementor-col-33 elementor-top-column elementor-element elementor-element-7dd0bc8\" data-id=\"7dd0bc8\" data-element_type=\"column\" data-e-type=\"column\">\n\t\t\t<div class=\"elementor-widget-wrap elementor-element-populated\">\n\t\t\t\t\t\t<div class=\"elementor-element elementor-element-0609043 elementor-position-top elementor-widget elementor-widget-image-box\" data-id=\"0609043\" data-element_type=\"widget\" data-e-type=\"widget\" data-widget_type=\"image-box.default\">\n\t\t\t\t<div class=\"elementor-widget-container\">\n\t\t\t\t\t<div class=\"elementor-image-box-wrapper\"><figure class=\"elementor-image-box-img\"><a href=\"https:\/\/piramowicz.pl\/wp-content\/uploads\/2022\/07\/30LecieTeatruFotoreportaz.pdf\" target=\"_blank\" tabindex=\"-1\"><img decoding=\"async\" width=\"654\" height=\"393\" src=\"https:\/\/piramowicz.pl\/wp-content\/uploads\/2022\/07\/30lecie.jpg\" class=\"attachment-full size-full wp-image-900\" alt=\"Uczestnicy obchod\u00f3w 30 lecia\" srcset=\"https:\/\/piramowicz.pl\/wp-content\/uploads\/2022\/07\/30lecie.jpg 654w, https:\/\/piramowicz.pl\/wp-content\/uploads\/2022\/07\/30lecie-300x180.jpg 300w\" sizes=\"(max-width: 654px) 100vw, 654px\" \/><\/a><\/figure><div class=\"elementor-image-box-content\"><h3 class=\"elementor-image-box-title\"><a href=\"https:\/\/piramowicz.pl\/wp-content\/uploads\/2022\/07\/30LecieTeatruFotoreportaz.pdf\" target=\"_blank\">30 lecie teatru<\/a><\/h3><\/div><\/div>\t\t\t\t<\/div>\n\t\t\t\t<\/div>\n\t\t\t\t\t<\/div>\n\t\t<\/div>\n\t\t\t\t<div class=\"elementor-column elementor-col-33 elementor-top-column elementor-element elementor-element-2b69b9f\" data-id=\"2b69b9f\" data-element_type=\"column\" data-e-type=\"column\">\n\t\t\t<div class=\"elementor-widget-wrap elementor-element-populated\">\n\t\t\t\t\t\t<div class=\"elementor-element elementor-element-a6712ff elementor-position-top elementor-widget elementor-widget-image-box\" data-id=\"a6712ff\" data-element_type=\"widget\" data-e-type=\"widget\" data-widget_type=\"image-box.default\">\n\t\t\t\t<div class=\"elementor-widget-container\">\n\t\t\t\t\t<div class=\"elementor-image-box-wrapper\"><figure class=\"elementor-image-box-img\"><a href=\"https:\/\/piramowicz.pl\/wp-content\/uploads\/2022\/07\/3Krolestwa.pdf\" target=\"_blank\" tabindex=\"-1\"><img decoding=\"async\" width=\"654\" height=\"393\" src=\"https:\/\/piramowicz.pl\/wp-content\/uploads\/2022\/07\/3Krolestwa.jpg\" class=\"attachment-full size-full wp-image-898\" alt=\"Scena ze spektaklu Trzy Kr\u00f3lestwa\" srcset=\"https:\/\/piramowicz.pl\/wp-content\/uploads\/2022\/07\/3Krolestwa.jpg 654w, https:\/\/piramowicz.pl\/wp-content\/uploads\/2022\/07\/3Krolestwa-300x180.jpg 300w\" sizes=\"(max-width: 654px) 100vw, 654px\" \/><\/a><\/figure><div class=\"elementor-image-box-content\"><h3 class=\"elementor-image-box-title\"><a href=\"https:\/\/piramowicz.pl\/wp-content\/uploads\/2022\/07\/3Krolestwa.pdf\" target=\"_blank\">Trzy Kr\u00f3lestwa<\/a><\/h3><\/div><\/div>\t\t\t\t<\/div>\n\t\t\t\t<\/div>\n\t\t\t\t\t<\/div>\n\t\t<\/div>\n\t\t\t\t\t<\/div>\n\t\t<\/section>\n\t\t\t\t<section class=\"elementor-section elementor-top-section elementor-element elementor-element-a927584 elementor-section-boxed elementor-section-height-default elementor-section-height-default\" data-id=\"a927584\" data-element_type=\"section\" data-e-type=\"section\" data-settings=\"{&quot;background_background&quot;:&quot;classic&quot;}\">\n\t\t\t\t\t\t<div class=\"elementor-container elementor-column-gap-default\">\n\t\t\t\t\t<div class=\"elementor-column elementor-col-33 elementor-top-column elementor-element elementor-element-8349544\" data-id=\"8349544\" data-element_type=\"column\" data-e-type=\"column\">\n\t\t\t<div class=\"elementor-widget-wrap elementor-element-populated\">\n\t\t\t\t\t\t<div class=\"elementor-element elementor-element-2763481 elementor-position-top elementor-widget elementor-widget-image-box\" data-id=\"2763481\" data-element_type=\"widget\" data-e-type=\"widget\" data-widget_type=\"image-box.default\">\n\t\t\t\t<div class=\"elementor-widget-container\">\n\t\t\t\t\t<div class=\"elementor-image-box-wrapper\"><figure class=\"elementor-image-box-img\"><a href=\"https:\/\/piramowicz.pl\/wp-content\/uploads\/2022\/07\/KowalPieniadzeGwiazdy.pdf\" target=\"_blank\" tabindex=\"-1\"><img loading=\"lazy\" decoding=\"async\" width=\"654\" height=\"393\" src=\"https:\/\/piramowicz.pl\/wp-content\/uploads\/2022\/07\/KowalPieniadzeGwiazdy.jpg\" class=\"attachment-full size-full wp-image-901\" alt=\"Scena ze spektaklu Kowal Pieni\u0105dze i Gwiazdy\" srcset=\"https:\/\/piramowicz.pl\/wp-content\/uploads\/2022\/07\/KowalPieniadzeGwiazdy.jpg 654w, https:\/\/piramowicz.pl\/wp-content\/uploads\/2022\/07\/KowalPieniadzeGwiazdy-300x180.jpg 300w\" sizes=\"(max-width: 654px) 100vw, 654px\" \/><\/a><\/figure><div class=\"elementor-image-box-content\"><h3 class=\"elementor-image-box-title\"><a href=\"https:\/\/piramowicz.pl\/wp-content\/uploads\/2022\/07\/KowalPieniadzeGwiazdy.pdf\" target=\"_blank\">Kowal, pieni\u0105dze i gwiazdy<\/a><\/h3><\/div><\/div>\t\t\t\t<\/div>\n\t\t\t\t<\/div>\n\t\t\t\t\t<\/div>\n\t\t<\/div>\n\t\t\t\t<div class=\"elementor-column elementor-col-33 elementor-top-column elementor-element elementor-element-450445c\" data-id=\"450445c\" data-element_type=\"column\" data-e-type=\"column\">\n\t\t\t<div class=\"elementor-widget-wrap elementor-element-populated\">\n\t\t\t\t\t\t<div class=\"elementor-element elementor-element-5264106 elementor-position-top elementor-widget elementor-widget-image-box\" data-id=\"5264106\" data-element_type=\"widget\" data-e-type=\"widget\" data-widget_type=\"image-box.default\">\n\t\t\t\t<div class=\"elementor-widget-container\">\n\t\t\t\t\t<div class=\"elementor-image-box-wrapper\"><figure class=\"elementor-image-box-img\"><a href=\"https:\/\/piramowicz.pl\/wp-content\/uploads\/2022\/07\/MalyKsiaze.pdf\" target=\"_blank\" tabindex=\"-1\"><img loading=\"lazy\" decoding=\"async\" width=\"654\" height=\"393\" src=\"https:\/\/piramowicz.pl\/wp-content\/uploads\/2022\/07\/MalyKsiaze.jpg\" class=\"attachment-full size-full wp-image-902\" alt=\"Scena ze spektaklu Ma\u0142y Ksi\u0105\u017c\u0119\" srcset=\"https:\/\/piramowicz.pl\/wp-content\/uploads\/2022\/07\/MalyKsiaze.jpg 654w, https:\/\/piramowicz.pl\/wp-content\/uploads\/2022\/07\/MalyKsiaze-300x180.jpg 300w\" sizes=\"(max-width: 654px) 100vw, 654px\" \/><\/a><\/figure><div class=\"elementor-image-box-content\"><h3 class=\"elementor-image-box-title\"><a href=\"https:\/\/piramowicz.pl\/wp-content\/uploads\/2022\/07\/MalyKsiaze.pdf\" target=\"_blank\">Ma\u0142y Ksi\u0105\u017c\u0119<\/a><\/h3><\/div><\/div>\t\t\t\t<\/div>\n\t\t\t\t<\/div>\n\t\t\t\t\t<\/div>\n\t\t<\/div>\n\t\t\t\t<div class=\"elementor-column elementor-col-33 elementor-top-column elementor-element elementor-element-4356baa\" data-id=\"4356baa\" data-element_type=\"column\" data-e-type=\"column\">\n\t\t\t<div class=\"elementor-widget-wrap elementor-element-populated\">\n\t\t\t\t\t\t<div class=\"elementor-element elementor-element-bcaf2d5 elementor-position-top elementor-widget elementor-widget-image-box\" data-id=\"bcaf2d5\" data-element_type=\"widget\" data-e-type=\"widget\" data-widget_type=\"image-box.default\">\n\t\t\t\t<div class=\"elementor-widget-container\">\n\t\t\t\t\t<div class=\"elementor-image-box-wrapper\"><figure class=\"elementor-image-box-img\"><a href=\"https:\/\/piramowicz.pl\/wp-content\/uploads\/2022\/07\/Spadek.pdf\" target=\"_blank\" tabindex=\"-1\"><img loading=\"lazy\" decoding=\"async\" width=\"654\" height=\"393\" src=\"https:\/\/piramowicz.pl\/wp-content\/uploads\/2022\/07\/Spadek.jpg\" class=\"attachment-full size-full wp-image-903\" alt=\"Scena ze spektaklu Spadek\" srcset=\"https:\/\/piramowicz.pl\/wp-content\/uploads\/2022\/07\/Spadek.jpg 654w, https:\/\/piramowicz.pl\/wp-content\/uploads\/2022\/07\/Spadek-300x180.jpg 300w\" sizes=\"(max-width: 654px) 100vw, 654px\" \/><\/a><\/figure><div class=\"elementor-image-box-content\"><h3 class=\"elementor-image-box-title\"><a href=\"https:\/\/piramowicz.pl\/wp-content\/uploads\/2022\/07\/Spadek.pdf\" target=\"_blank\">Spadek<\/a><\/h3><\/div><\/div>\t\t\t\t<\/div>\n\t\t\t\t<\/div>\n\t\t\t\t\t<\/div>\n\t\t<\/div>\n\t\t\t\t\t<\/div>\n\t\t<\/section>\n\t\t\t\t<section class=\"elementor-section elementor-top-section elementor-element elementor-element-50f7b57 elementor-section-boxed elementor-section-height-default elementor-section-height-default\" data-id=\"50f7b57\" data-element_type=\"section\" data-e-type=\"section\" data-settings=\"{&quot;background_background&quot;:&quot;classic&quot;}\">\n\t\t\t\t\t\t<div class=\"elementor-container elementor-column-gap-default\">\n\t\t\t\t\t<div class=\"elementor-column elementor-col-100 elementor-top-column elementor-element elementor-element-452786d\" data-id=\"452786d\" data-element_type=\"column\" data-e-type=\"column\">\n\t\t\t<div class=\"elementor-widget-wrap elementor-element-populated\">\n\t\t\t\t\t\t<div class=\"elementor-element elementor-element-7d9fb8d elementor-widget-divider--view-line_icon elementor-view-default elementor-widget-divider--element-align-center elementor-widget elementor-widget-divider\" data-id=\"7d9fb8d\" data-element_type=\"widget\" data-e-type=\"widget\" data-widget_type=\"divider.default\">\n\t\t\t\t<div class=\"elementor-widget-container\">\n\t\t\t\t\t\t\t<div class=\"elementor-divider\">\n\t\t\t<span class=\"elementor-divider-separator\">\n\t\t\t\t\t\t\t<div class=\"elementor-icon elementor-divider__element\">\n\t\t\t\t\t<i aria-hidden=\"true\" class=\"fas fa-star\"><\/i><\/div>\n\t\t\t\t\t\t<\/span>\n\t\t<\/div>\n\t\t\t\t\t\t<\/div>\n\t\t\t\t<\/div>\n\t\t\t\t\t<\/div>\n\t\t<\/div>\n\t\t\t\t\t<\/div>\n\t\t<\/section>\n\t\t\t\t<\/div>\n\t\t","protected":false},"excerpt":{"rendered":"<p>Teatr O teatrze Pocz\u0105tki teatruPocz\u0105tkowo zesp\u00f3\u0142 dzia\u0142a\u0142 bez nazwy. Premierowy spektakl wi\u0105za\u0142 si\u0119 z obchodami Dnia Nauczyciela w roku 1988 i by\u0142 wystawiany trzykrotnie: dla szko\u0142y, nauczycieli powiatu i wojew\u00f3dztwa. Od pocz\u0105tku teatr dba\u0142 o profesjonalizm wykonania i niekonwencjonalne rozwi\u0105zania sceniczne. Now\u0105 inicjatyw\u0105 sta\u0142y si\u0119 wkr\u00f3tce r\u00f3\u017cnorodne tematycznie kawiarenki poetycko-muzyczne, kt\u00f3re cieszy\u0142y si\u0119 du\u017c\u0105 popularno\u015bci\u0105. [&hellip;]<\/p>\n","protected":false},"author":2,"featured_media":0,"parent":0,"menu_order":0,"comment_status":"closed","ping_status":"closed","template":"","meta":{"site-sidebar-layout":"no-sidebar","site-content-layout":"page-builder","ast-site-content-layout":"default","site-content-style":"default","site-sidebar-style":"default","ast-global-header-display":"","ast-banner-title-visibility":"","ast-main-header-display":"","ast-hfb-above-header-display":"","ast-hfb-below-header-display":"","ast-hfb-mobile-header-display":"","site-post-title":"disabled","ast-breadcrumbs-content":"","ast-featured-img":"disabled","footer-sml-layout":"","ast-disable-related-posts":"","theme-transparent-header-meta":"enabled","adv-header-id-meta":"","stick-header-meta":"","header-above-stick-meta":"","header-main-stick-meta":"","header-below-stick-meta":"","astra-migrate-meta-layouts":"default","ast-page-background-enabled":"default","ast-page-background-meta":{"desktop":{"background-color":"","background-image":"","background-repeat":"repeat","background-position":"center center","background-size":"auto","background-attachment":"scroll","background-type":"","background-media":"","overlay-type":"","overlay-color":"","overlay-opacity":"","overlay-gradient":""},"tablet":{"background-color":"","background-image":"","background-repeat":"repeat","background-position":"center center","background-size":"auto","background-attachment":"scroll","background-type":"","background-media":"","overlay-type":"","overlay-color":"","overlay-opacity":"","overlay-gradient":""},"mobile":{"background-color":"","background-image":"","background-repeat":"repeat","background-position":"center center","background-size":"auto","background-attachment":"scroll","background-type":"","background-media":"","overlay-type":"","overlay-color":"","overlay-opacity":"","overlay-gradient":""}},"ast-content-background-meta":{"desktop":{"background-color":"var(--ast-global-color-5)","background-image":"","background-repeat":"repeat","background-position":"center center","background-size":"auto","background-attachment":"scroll","background-type":"","background-media":"","overlay-type":"","overlay-color":"","overlay-opacity":"","overlay-gradient":""},"tablet":{"background-color":"var(--ast-global-color-5)","background-image":"","background-repeat":"repeat","background-position":"center center","background-size":"auto","background-attachment":"scroll","background-type":"","background-media":"","overlay-type":"","overlay-color":"","overlay-opacity":"","overlay-gradient":""},"mobile":{"background-color":"var(--ast-global-color-5)","background-image":"","background-repeat":"repeat","background-position":"center center","background-size":"auto","background-attachment":"scroll","background-type":"","background-media":"","overlay-type":"","overlay-color":"","overlay-opacity":"","overlay-gradient":""}},"footnotes":""},"folder":[],"class_list":["post-872","page","type-page","status-publish","hentry"],"_links":{"self":[{"href":"https:\/\/piramowicz.pl\/index.php\/wp-json\/wp\/v2\/pages\/872","targetHints":{"allow":["GET"]}}],"collection":[{"href":"https:\/\/piramowicz.pl\/index.php\/wp-json\/wp\/v2\/pages"}],"about":[{"href":"https:\/\/piramowicz.pl\/index.php\/wp-json\/wp\/v2\/types\/page"}],"author":[{"embeddable":true,"href":"https:\/\/piramowicz.pl\/index.php\/wp-json\/wp\/v2\/users\/2"}],"replies":[{"embeddable":true,"href":"https:\/\/piramowicz.pl\/index.php\/wp-json\/wp\/v2\/comments?post=872"}],"version-history":[{"count":18,"href":"https:\/\/piramowicz.pl\/index.php\/wp-json\/wp\/v2\/pages\/872\/revisions"}],"predecessor-version":[{"id":959,"href":"https:\/\/piramowicz.pl\/index.php\/wp-json\/wp\/v2\/pages\/872\/revisions\/959"}],"wp:attachment":[{"href":"https:\/\/piramowicz.pl\/index.php\/wp-json\/wp\/v2\/media?parent=872"}],"wp:term":[{"taxonomy":"folder","embeddable":true,"href":"https:\/\/piramowicz.pl\/index.php\/wp-json\/wp\/v2\/folder?post=872"}],"curies":[{"name":"wp","href":"https:\/\/api.w.org\/{rel}","templated":true}]}}