{"id":930,"date":"2022-07-19T10:28:06","date_gmt":"2022-07-19T08:28:06","guid":{"rendered":"https:\/\/piramowicz.pl\/?page_id=930"},"modified":"2022-10-18T17:00:17","modified_gmt":"2022-10-18T15:00:17","slug":"wydarzenia-archiwalne","status":"publish","type":"page","link":"https:\/\/piramowicz.pl\/index.php\/wydarzenia-archiwalne\/","title":{"rendered":"Wydarzenia archiwalne"},"content":{"rendered":"\t\t<div data-elementor-type=\"wp-page\" data-elementor-id=\"930\" class=\"elementor elementor-930\">\n\t\t\t\t\t\t<section class=\"elementor-section elementor-top-section elementor-element elementor-element-f0642f5 elementor-section-boxed elementor-section-height-default elementor-section-height-default\" data-id=\"f0642f5\" data-element_type=\"section\" data-e-type=\"section\" data-settings=\"{&quot;background_background&quot;:&quot;classic&quot;}\">\n\t\t\t\t\t\t<div class=\"elementor-container elementor-column-gap-default\">\n\t\t\t\t\t<div class=\"elementor-column elementor-col-100 elementor-top-column elementor-element elementor-element-21777ff\" data-id=\"21777ff\" data-element_type=\"column\" data-e-type=\"column\">\n\t\t\t<div class=\"elementor-widget-wrap elementor-element-populated\">\n\t\t\t\t\t\t<div class=\"elementor-element elementor-element-537fa6d elementor-widget elementor-widget-heading\" data-id=\"537fa6d\" data-element_type=\"widget\" data-e-type=\"widget\" data-widget_type=\"heading.default\">\n\t\t\t\t<div class=\"elementor-widget-container\">\n\t\t\t\t\t<h1 class=\"elementor-heading-title elementor-size-default\">Wydarzenia archiwalne<\/h1>\t\t\t\t<\/div>\n\t\t\t\t<\/div>\n\t\t\t\t\t<\/div>\n\t\t<\/div>\n\t\t\t\t\t<\/div>\n\t\t<\/section>\n\t\t\t\t<section class=\"elementor-section elementor-top-section elementor-element elementor-element-70de01a elementor-section-boxed elementor-section-height-default elementor-section-height-default\" data-id=\"70de01a\" data-element_type=\"section\" data-e-type=\"section\" data-settings=\"{&quot;background_background&quot;:&quot;classic&quot;}\">\n\t\t\t\t\t\t<div class=\"elementor-container elementor-column-gap-default\">\n\t\t\t\t\t<div class=\"elementor-column elementor-col-100 elementor-top-column elementor-element elementor-element-d92be7a\" data-id=\"d92be7a\" data-element_type=\"column\" data-e-type=\"column\">\n\t\t\t<div class=\"elementor-widget-wrap elementor-element-populated\">\n\t\t\t\t\t\t<div class=\"elementor-element elementor-element-500ee6a elementor-widget elementor-widget-heading\" data-id=\"500ee6a\" data-element_type=\"widget\" data-e-type=\"widget\" data-widget_type=\"heading.default\">\n\t\t\t\t<div class=\"elementor-widget-container\">\n\t\t\t\t\t<h2 class=\"elementor-heading-title elementor-size-default\">Spo\u015br\u00f3d setek wydarze\u0144 zamieszczamy relacje z tych najwa\u017cniejszych<\/h2>\t\t\t\t<\/div>\n\t\t\t\t<\/div>\n\t\t\t\t\t<\/div>\n\t\t<\/div>\n\t\t\t\t\t<\/div>\n\t\t<\/section>\n\t\t\t\t<section class=\"elementor-section elementor-top-section elementor-element elementor-element-69f47ee elementor-section-boxed elementor-section-height-default elementor-section-height-default\" data-id=\"69f47ee\" data-element_type=\"section\" data-e-type=\"section\" data-settings=\"{&quot;background_background&quot;:&quot;classic&quot;}\">\n\t\t\t\t\t\t<div class=\"elementor-container elementor-column-gap-default\">\n\t\t\t\t\t<div class=\"elementor-column elementor-col-33 elementor-top-column elementor-element elementor-element-8094c96\" data-id=\"8094c96\" data-element_type=\"column\" data-e-type=\"column\">\n\t\t\t<div class=\"elementor-widget-wrap elementor-element-populated\">\n\t\t\t\t\t\t<div class=\"elementor-element elementor-element-8732ee5 elementor-position-top elementor-widget elementor-widget-image-box\" data-id=\"8732ee5\" data-element_type=\"widget\" data-e-type=\"widget\" data-widget_type=\"image-box.default\">\n\t\t\t\t<div class=\"elementor-widget-container\">\n\t\t\t\t\t<div class=\"elementor-image-box-wrapper\"><figure class=\"elementor-image-box-img\"><a href=\"https:\/\/piramowicz.pl\/wp-content\/uploads\/2022\/07\/Zjazd2002.pdf\" target=\"_blank\" tabindex=\"-1\"><img fetchpriority=\"high\" decoding=\"async\" width=\"800\" height=\"535\" src=\"https:\/\/piramowicz.pl\/wp-content\/uploads\/2022\/07\/75lat.jpg\" class=\"attachment-full size-full wp-image-939\" alt=\"Absolwenci na zje\u017adzie z okazji 75-lecia szko\u0142y\" srcset=\"https:\/\/piramowicz.pl\/wp-content\/uploads\/2022\/07\/75lat.jpg 800w, https:\/\/piramowicz.pl\/wp-content\/uploads\/2022\/07\/75lat-300x201.jpg 300w, https:\/\/piramowicz.pl\/wp-content\/uploads\/2022\/07\/75lat-768x514.jpg 768w\" sizes=\"(max-width: 800px) 100vw, 800px\" \/><\/a><\/figure><div class=\"elementor-image-box-content\"><h3 class=\"elementor-image-box-title\"><a href=\"https:\/\/piramowicz.pl\/wp-content\/uploads\/2022\/07\/Zjazd2002.pdf\" target=\"_blank\">Zjazd 2002<\/a><\/h3><\/div><\/div>\t\t\t\t<\/div>\n\t\t\t\t<\/div>\n\t\t\t\t\t<\/div>\n\t\t<\/div>\n\t\t\t\t<div class=\"elementor-column elementor-col-33 elementor-top-column elementor-element elementor-element-e741521\" data-id=\"e741521\" data-element_type=\"column\" data-e-type=\"column\">\n\t\t\t<div class=\"elementor-widget-wrap elementor-element-populated\">\n\t\t\t\t\t\t<div class=\"elementor-element elementor-element-29639a8 elementor-position-top elementor-widget elementor-widget-image-box\" data-id=\"29639a8\" data-element_type=\"widget\" data-e-type=\"widget\" data-widget_type=\"image-box.default\">\n\t\t\t\t<div class=\"elementor-widget-container\">\n\t\t\t\t\t<div class=\"elementor-image-box-wrapper\"><figure class=\"elementor-image-box-img\"><a href=\"https:\/\/piramowicz.pl\/wp-content\/uploads\/2022\/07\/Zjazd2007.pdf\" target=\"_blank\" tabindex=\"-1\"><img decoding=\"async\" width=\"800\" height=\"535\" src=\"https:\/\/piramowicz.pl\/wp-content\/uploads\/2022\/07\/80lat.jpg\" class=\"attachment-full size-full wp-image-940\" alt=\"Absolwenci na zje\u017adzie z okazji 80-lecia szko\u0142y\" srcset=\"https:\/\/piramowicz.pl\/wp-content\/uploads\/2022\/07\/80lat.jpg 800w, https:\/\/piramowicz.pl\/wp-content\/uploads\/2022\/07\/80lat-300x201.jpg 300w, https:\/\/piramowicz.pl\/wp-content\/uploads\/2022\/07\/80lat-768x514.jpg 768w\" sizes=\"(max-width: 800px) 100vw, 800px\" \/><\/a><\/figure><div class=\"elementor-image-box-content\"><h3 class=\"elementor-image-box-title\"><a href=\"https:\/\/piramowicz.pl\/wp-content\/uploads\/2022\/07\/Zjazd2007.pdf\" target=\"_blank\">Zjazd 2007<\/a><\/h3><\/div><\/div>\t\t\t\t<\/div>\n\t\t\t\t<\/div>\n\t\t\t\t\t<\/div>\n\t\t<\/div>\n\t\t\t\t<div class=\"elementor-column elementor-col-33 elementor-top-column elementor-element elementor-element-dc14917\" data-id=\"dc14917\" data-element_type=\"column\" data-e-type=\"column\">\n\t\t\t<div class=\"elementor-widget-wrap elementor-element-populated\">\n\t\t\t\t\t\t<div class=\"elementor-element elementor-element-02a9756 elementor-position-top elementor-widget elementor-widget-image-box\" data-id=\"02a9756\" data-element_type=\"widget\" data-e-type=\"widget\" data-widget_type=\"image-box.default\">\n\t\t\t\t<div class=\"elementor-widget-container\">\n\t\t\t\t\t<div class=\"elementor-image-box-wrapper\"><figure class=\"elementor-image-box-img\"><a href=\"https:\/\/piramowicz.pl\/wp-content\/uploads\/2022\/07\/Zjazd2017.pdf\" target=\"_blank\" tabindex=\"-1\"><img decoding=\"async\" width=\"800\" height=\"535\" src=\"https:\/\/piramowicz.pl\/wp-content\/uploads\/2022\/07\/90lat.jpg\" class=\"attachment-full size-full wp-image-941\" alt=\"Absolwenci na zje\u017adzie z okazji 90-lecia szko\u0142y\" srcset=\"https:\/\/piramowicz.pl\/wp-content\/uploads\/2022\/07\/90lat.jpg 800w, https:\/\/piramowicz.pl\/wp-content\/uploads\/2022\/07\/90lat-300x201.jpg 300w, https:\/\/piramowicz.pl\/wp-content\/uploads\/2022\/07\/90lat-768x514.jpg 768w\" sizes=\"(max-width: 800px) 100vw, 800px\" \/><\/a><\/figure><div class=\"elementor-image-box-content\"><h3 class=\"elementor-image-box-title\"><a href=\"https:\/\/piramowicz.pl\/wp-content\/uploads\/2022\/07\/Zjazd2017.pdf\" target=\"_blank\">Zjazd 2017<\/a><\/h3><\/div><\/div>\t\t\t\t<\/div>\n\t\t\t\t<\/div>\n\t\t\t\t\t<\/div>\n\t\t<\/div>\n\t\t\t\t\t<\/div>\n\t\t<\/section>\n\t\t\t\t<section class=\"elementor-section elementor-top-section elementor-element elementor-element-e07105d elementor-section-boxed elementor-section-height-default elementor-section-height-default\" data-id=\"e07105d\" data-element_type=\"section\" data-e-type=\"section\" data-settings=\"{&quot;background_background&quot;:&quot;classic&quot;}\">\n\t\t\t\t\t\t<div class=\"elementor-container elementor-column-gap-default\">\n\t\t\t\t\t<div class=\"elementor-column elementor-col-33 elementor-top-column elementor-element elementor-element-af6c825\" data-id=\"af6c825\" data-element_type=\"column\" data-e-type=\"column\">\n\t\t\t<div class=\"elementor-widget-wrap elementor-element-populated\">\n\t\t\t\t\t\t<div class=\"elementor-element elementor-element-def1e52 elementor-position-top elementor-widget elementor-widget-image-box\" data-id=\"def1e52\" data-element_type=\"widget\" data-e-type=\"widget\" data-widget_type=\"image-box.default\">\n\t\t\t\t<div class=\"elementor-widget-container\">\n\t\t\t\t\t<div class=\"elementor-image-box-wrapper\"><figure class=\"elementor-image-box-img\"><a href=\"https:\/\/piramowicz.pl\/wp-content\/uploads\/2022\/10\/95lat.pdf\" target=\"_blank\" tabindex=\"-1\"><img loading=\"lazy\" decoding=\"async\" width=\"1024\" height=\"683\" src=\"https:\/\/piramowicz.pl\/wp-content\/uploads\/2022\/10\/MK4J6927.jpg\" class=\"attachment-full size-full wp-image-1284\" alt=\"Poczet sztandarowy i symbol OPW na mszy \u015bwi\u0119tej\" srcset=\"https:\/\/piramowicz.pl\/wp-content\/uploads\/2022\/10\/MK4J6927.jpg 1024w, https:\/\/piramowicz.pl\/wp-content\/uploads\/2022\/10\/MK4J6927-300x200.jpg 300w, https:\/\/piramowicz.pl\/wp-content\/uploads\/2022\/10\/MK4J6927-768x512.jpg 768w\" sizes=\"(max-width: 1024px) 100vw, 1024px\" \/><\/a><\/figure><div class=\"elementor-image-box-content\"><h3 class=\"elementor-image-box-title\"><a href=\"https:\/\/piramowicz.pl\/wp-content\/uploads\/2022\/10\/95lat.pdf\" target=\"_blank\">Obchody 95-lecia Szko\u0142y<\/a><\/h3><\/div><\/div>\t\t\t\t<\/div>\n\t\t\t\t<\/div>\n\t\t\t\t\t<\/div>\n\t\t<\/div>\n\t\t\t\t<div class=\"elementor-column elementor-col-33 elementor-top-column elementor-element elementor-element-e74b492\" data-id=\"e74b492\" data-element_type=\"column\" data-e-type=\"column\">\n\t\t\t<div class=\"elementor-widget-wrap\">\n\t\t\t\t\t\t\t<\/div>\n\t\t<\/div>\n\t\t\t\t<div class=\"elementor-column elementor-col-33 elementor-top-column elementor-element elementor-element-b0941e0\" data-id=\"b0941e0\" data-element_type=\"column\" data-e-type=\"column\">\n\t\t\t<div class=\"elementor-widget-wrap\">\n\t\t\t\t\t\t\t<\/div>\n\t\t<\/div>\n\t\t\t\t\t<\/div>\n\t\t<\/section>\n\t\t\t\t<\/div>\n\t\t","protected":false},"excerpt":{"rendered":"<p>Wydarzenia archiwalne Spo\u015br\u00f3d setek wydarze\u0144 zamieszczamy relacje z tych najwa\u017cniejszych Zjazd 2002 Zjazd 2007 Zjazd 2017 Obchody 95-lecia Szko\u0142y<\/p>\n","protected":false},"author":2,"featured_media":0,"parent":0,"menu_order":0,"comment_status":"closed","ping_status":"closed","template":"","meta":{"site-sidebar-layout":"no-sidebar","site-content-layout":"page-builder","ast-site-content-layout":"default","site-content-style":"default","site-sidebar-style":"default","ast-global-header-display":"","ast-banner-title-visibility":"","ast-main-header-display":"","ast-hfb-above-header-display":"","ast-hfb-below-header-display":"","ast-hfb-mobile-header-display":"","site-post-title":"disabled","ast-breadcrumbs-content":"","ast-featured-img":"disabled","footer-sml-layout":"","ast-disable-related-posts":"","theme-transparent-header-meta":"enabled","adv-header-id-meta":"","stick-header-meta":"","header-above-stick-meta":"","header-main-stick-meta":"","header-below-stick-meta":"","astra-migrate-meta-layouts":"default","ast-page-background-enabled":"default","ast-page-background-meta":{"desktop":{"background-color":"","background-image":"","background-repeat":"repeat","background-position":"center center","background-size":"auto","background-attachment":"scroll","background-type":"","background-media":"","overlay-type":"","overlay-color":"","overlay-opacity":"","overlay-gradient":""},"tablet":{"background-color":"","background-image":"","background-repeat":"repeat","background-position":"center center","background-size":"auto","background-attachment":"scroll","background-type":"","background-media":"","overlay-type":"","overlay-color":"","overlay-opacity":"","overlay-gradient":""},"mobile":{"background-color":"","background-image":"","background-repeat":"repeat","background-position":"center center","background-size":"auto","background-attachment":"scroll","background-type":"","background-media":"","overlay-type":"","overlay-color":"","overlay-opacity":"","overlay-gradient":""}},"ast-content-background-meta":{"desktop":{"background-color":"var(--ast-global-color-5)","background-image":"","background-repeat":"repeat","background-position":"center center","background-size":"auto","background-attachment":"scroll","background-type":"","background-media":"","overlay-type":"","overlay-color":"","overlay-opacity":"","overlay-gradient":""},"tablet":{"background-color":"var(--ast-global-color-5)","background-image":"","background-repeat":"repeat","background-position":"center center","background-size":"auto","background-attachment":"scroll","background-type":"","background-media":"","overlay-type":"","overlay-color":"","overlay-opacity":"","overlay-gradient":""},"mobile":{"background-color":"var(--ast-global-color-5)","background-image":"","background-repeat":"repeat","background-position":"center center","background-size":"auto","background-attachment":"scroll","background-type":"","background-media":"","overlay-type":"","overlay-color":"","overlay-opacity":"","overlay-gradient":""}},"footnotes":""},"folder":[],"class_list":["post-930","page","type-page","status-publish","hentry"],"_links":{"self":[{"href":"https:\/\/piramowicz.pl\/index.php\/wp-json\/wp\/v2\/pages\/930","targetHints":{"allow":["GET"]}}],"collection":[{"href":"https:\/\/piramowicz.pl\/index.php\/wp-json\/wp\/v2\/pages"}],"about":[{"href":"https:\/\/piramowicz.pl\/index.php\/wp-json\/wp\/v2\/types\/page"}],"author":[{"embeddable":true,"href":"https:\/\/piramowicz.pl\/index.php\/wp-json\/wp\/v2\/users\/2"}],"replies":[{"embeddable":true,"href":"https:\/\/piramowicz.pl\/index.php\/wp-json\/wp\/v2\/comments?post=930"}],"version-history":[{"count":17,"href":"https:\/\/piramowicz.pl\/index.php\/wp-json\/wp\/v2\/pages\/930\/revisions"}],"predecessor-version":[{"id":1336,"href":"https:\/\/piramowicz.pl\/index.php\/wp-json\/wp\/v2\/pages\/930\/revisions\/1336"}],"wp:attachment":[{"href":"https:\/\/piramowicz.pl\/index.php\/wp-json\/wp\/v2\/media?parent=930"}],"wp:term":[{"taxonomy":"folder","embeddable":true,"href":"https:\/\/piramowicz.pl\/index.php\/wp-json\/wp\/v2\/folder?post=930"}],"curies":[{"name":"wp","href":"https:\/\/api.w.org\/{rel}","templated":true}]}}